{"id":5743,"date":"2022-04-01T09:33:58","date_gmt":"2022-04-01T07:33:58","guid":{"rendered":"https:\/\/www.paysdarlon.be\/maerkte-und-troedelmaerkte\/"},"modified":"2025-10-30T14:21:13","modified_gmt":"2025-10-30T13:21:13","slug":"maerkte-und-troedelmaerkte","status":"publish","type":"page","link":"https:\/\/www.paysdarlon.be\/de\/agenda\/maerkte-und-troedelmaerkte\/","title":{"rendered":"M\u00e4rkte und Tr\u00f6delm\u00e4rkte"},"content":{"rendered":"\t\t<div data-elementor-type=\"wp-page\" data-elementor-id=\"5743\" class=\"elementor elementor-5743 elementor-4801\" data-elementor-post-type=\"page\">\n\t\t\t\t\t\t<section class=\"elementor-section elementor-top-section elementor-element elementor-element-218e5c69 elementor-section-full_width elementor-section-height-min-height elementor-section-items-bottom elementor-section-height-default\" data-id=\"218e5c69\" data-element_type=\"section\" data-e-type=\"section\" data-settings=\"{&quot;background_background&quot;:&quot;classic&quot;}\">\n\t\t\t\t\t\t\t<div class=\"elementor-background-overlay\"><\/div>\n\t\t\t\t\t\t\t<div class=\"elementor-container elementor-column-gap-default\">\n\t\t\t\t\t<div class=\"elementor-column elementor-col-100 elementor-top-column elementor-element elementor-element-62ed9399\" data-id=\"62ed9399\" data-element_type=\"column\" data-e-type=\"column\">\n\t\t\t<div class=\"elementor-widget-wrap elementor-element-populated\">\n\t\t\t\t\t\t<div class=\"elementor-element elementor-element-1c097b85 elementor-widget elementor-widget-heading\" data-id=\"1c097b85\" data-element_type=\"widget\" data-e-type=\"widget\" data-widget_type=\"heading.default\">\n\t\t\t\t<div class=\"elementor-widget-container\">\n\t\t\t\t\t<h1 class=\"elementor-heading-title elementor-size-default\">M\u00e4rkte und Tr\u00f6delm\u00e4rkte<\/h1>\t\t\t\t<\/div>\n\t\t\t\t<\/div>\n\t\t\t\t\t<\/div>\n\t\t<\/div>\n\t\t\t\t\t<\/div>\n\t\t<\/section>\n\t\t\t\t<section class=\"elementor-section elementor-top-section elementor-element elementor-element-a756231 elementor-section-boxed elementor-section-height-default elementor-section-height-default\" data-id=\"a756231\" data-element_type=\"section\" data-e-type=\"section\">\n\t\t\t\t\t\t<div class=\"elementor-container elementor-column-gap-default\">\n\t\t\t\t\t<div class=\"elementor-column elementor-col-100 elementor-top-column elementor-element elementor-element-e5f45a6\" data-id=\"e5f45a6\" data-element_type=\"column\" data-e-type=\"column\">\n\t\t\t<div class=\"elementor-widget-wrap elementor-element-populated\">\n\t\t\t\t\t\t<div class=\"elementor-element elementor-element-88027cb rose elementor-widget elementor-widget-heading\" data-id=\"88027cb\" data-element_type=\"widget\" data-e-type=\"widget\" data-widget_type=\"heading.default\">\n\t\t\t\t<div class=\"elementor-widget-container\">\n\t\t\t\t\t<h2 class=\"elementor-heading-title elementor-size-default\">Wochenm\u00e4rkte:<\/h2>\t\t\t\t<\/div>\n\t\t\t\t<\/div>\n\t\t\t\t<div class=\"elementor-element elementor-element-6883888 elementor-widget elementor-widget-text-editor\" data-id=\"6883888\" data-element_type=\"widget\" data-e-type=\"widget\" data-widget_type=\"text-editor.default\">\n\t\t\t\t<div class=\"elementor-widget-container\">\n\t\t\t\t\t\t\t\t\t<ul>\n<li>Arlon, Stadtzentrum: Donnerstagvormittag<\/li>\n<li>Arlon, auf dem Leopoldplatz \u2013 Biomarkt: freitags von 15 bis 20 Uhr<\/li>\n<li>Athus, Place du Br\u00fcll: Freitagvormittag<\/li>\n<li>Halanzy, Grand-Place: Samstagvormittag<\/li>\n<\/ul>\n\t\t\t\t\t\t\t\t<\/div>\n\t\t\t\t<\/div>\n\t\t\t\t<div class=\"elementor-element elementor-element-0a8acb0 rose elementor-widget elementor-widget-heading\" data-id=\"0a8acb0\" data-element_type=\"widget\" data-e-type=\"widget\" data-widget_type=\"heading.default\">\n\t\t\t\t<div class=\"elementor-widget-container\">\n\t\t\t\t\t<h2 class=\"elementor-heading-title elementor-size-default\">Tr\u00f6delm\u00e4rkte<\/h2>\t\t\t\t<\/div>\n\t\t\t\t<\/div>\n\t\t\t\t<div class=\"elementor-element elementor-element-3d9a145 elementor-widget elementor-widget-text-editor\" data-id=\"3d9a145\" data-element_type=\"widget\" data-e-type=\"widget\" data-widget_type=\"text-editor.default\">\n\t\t\t\t<div class=\"elementor-widget-container\">\n\t\t\t\t\t\t\t\t\t<ul>\r\n \t<li>Flohmarkt: am 1. Sonntag des Monats (von M\u00e4rz bis Oktober) im Stadtzentrum von Arlon<\/li>\r\n \t<li>Tr\u00f6delmarkt des Dreil\u00e4nderecks: am 3. Sonntag des Monats in Athus<\/li>\r\n \t<li>Tr\u00f6delmarkt in den Dorfstra\u00dfen: im Mai in Guerlange<\/li>\r\n \t<li>Amifer-Festtage: am 2. Wochenende im Juni in Halanzy<\/li>\r\n \t<li>In den Stra\u00dfen von Battincourt: am 1. Wochenende im August in Battincourt<\/li>\r\n \t<li>Militaria-B\u00f6rse: milit\u00e4rische Gegenst\u00e4nde, 6 Sonntagvormittage im Jahr in Arlon<\/li>\r\n<\/ul>\t\t\t\t\t\t\t\t<\/div>\n\t\t\t\t<\/div>\n\t\t\t\t<div class=\"elementor-element elementor-element-fe70c5a rose elementor-widget elementor-widget-heading\" data-id=\"fe70c5a\" data-element_type=\"widget\" data-e-type=\"widget\" data-widget_type=\"heading.default\">\n\t\t\t\t<div class=\"elementor-widget-container\">\n\t\t\t\t\t<h2 class=\"elementor-heading-title elementor-size-default\">Andere M\u00e4rkte<\/h2>\t\t\t\t<\/div>\n\t\t\t\t<\/div>\n\t\t\t\t<div class=\"elementor-element elementor-element-ec6bebe elementor-widget elementor-widget-text-editor\" data-id=\"ec6bebe\" data-element_type=\"widget\" data-e-type=\"widget\" data-widget_type=\"text-editor.default\">\n\t\t\t\t<div class=\"elementor-widget-container\">\n\t\t\t\t\t\t\t\t\t<ul>\n<li>La Terre des D\u00e9lices (Die Region der Gen\u00fcsse): Markt mit regionalen Erzeugnissen, im September in Aix-Sur-Cloie<\/li>\n<li>Blumenmarkt: am 3. Samstag im Mai in Aubange<\/li>\n<li>Solidarischer Weihnachtsmarkt: im Dezember in Arlon<\/li>\n<\/ul>\n\t\t\t\t\t\t\t\t<\/div>\n\t\t\t\t<\/div>\n\t\t\t\t\t<\/div>\n\t\t<\/div>\n\t\t\t\t\t<\/div>\n\t\t<\/section>\n\t\t\t\t<\/div>\n\t\t","protected":false},"excerpt":{"rendered":"<p>Wochenm\u00e4rkte: Arlon, Stadtzentrum: Donnerstagvormittag Arlon, auf dem Leopoldplatz \u2013 Biomarkt: freitags von 15 bis 20 Uhr Athus, Place du Br\u00fcll: Freitagvormittag Halanzy, Grand-Place: Samstagvormittag Tr\u00f6delm\u00e4rkte Flohmarkt: am 1. Sonntag des Monats (von M\u00e4rz bis Oktober) im Stadtzentrum von Arlon Tr\u00f6delmarkt des Dreil\u00e4nderecks: am 3. Sonntag des Monats in Athus Tr\u00f6delmarkt in den Dorfstra\u00dfen: im Mai [&hellip;]<\/p>\n","protected":false},"author":2,"featured_media":5137,"parent":5856,"menu_order":0,"comment_status":"closed","ping_status":"closed","template":"","meta":{"site-sidebar-layout":"no-sidebar","site-content-layout":"page-builder","ast-site-content-layout":"full-width-container","site-content-style":"unboxed","site-sidebar-style":"unboxed","ast-global-header-display":"","ast-banner-title-visibility":"","ast-main-header-display":"","ast-hfb-above-header-display":"","ast-hfb-below-header-display":"","ast-hfb-mobile-header-display":"","site-post-title":"disabled","ast-breadcrumbs-content":"","ast-featured-img":"disabled","footer-sml-layout":"","ast-disable-related-posts":"","theme-transparent-header-meta":"default","adv-header-id-meta":"","stick-header-meta":"","header-above-stick-meta":"","header-main-stick-meta":"","header-below-stick-meta":"","astra-migrate-meta-layouts":"default","ast-page-background-enabled":"default","ast-page-background-meta":{"desktop":{"background-color":"","background-image":"","background-repeat":"repeat","background-position":"center center","background-size":"auto","background-attachment":"scroll","background-type":"","background-media":"","overlay-type":"","overlay-color":"","overlay-opacity":"","overlay-gradient":""},"tablet":{"background-color":"","background-image":"","background-repeat":"repeat","background-position":"center center","background-size":"auto","background-attachment":"scroll","background-type":"","background-media":"","overlay-type":"","overlay-color":"","overlay-opacity":"","overlay-gradient":""},"mobile":{"background-color":"","background-image":"","background-repeat":"repeat","background-position":"center center","background-size":"auto","background-attachment":"scroll","background-type":"","background-media":"","overlay-type":"","overlay-color":"","overlay-opacity":"","overlay-gradient":""}},"ast-content-background-meta":{"desktop":{"background-color":"var(--ast-global-color-5)","background-image":"","background-repeat":"repeat","background-position":"center center","background-size":"auto","background-attachment":"scroll","background-type":"","background-media":"","overlay-type":"","overlay-color":"","overlay-opacity":"","overlay-gradient":""},"tablet":{"background-color":"var(--ast-global-color-5)","background-image":"","background-repeat":"repeat","background-position":"center center","background-size":"auto","background-attachment":"scroll","background-type":"","background-media":"","overlay-type":"","overlay-color":"","overlay-opacity":"","overlay-gradient":""},"mobile":{"background-color":"var(--ast-global-color-5)","background-image":"","background-repeat":"repeat","background-position":"center center","background-size":"auto","background-attachment":"scroll","background-type":"","background-media":"","overlay-type":"","overlay-color":"","overlay-opacity":"","overlay-gradient":""}},"footnotes":""},"categories":[],"tags":[119,120],"class_list":["post-5743","page","type-page","status-publish","has-post-thumbnail","hentry","tag-flohmarkte","tag-markte"],"yoast_head":"<!-- This site is optimized with the Yoast SEO plugin v27.1.1 - https:\/\/yoast.com\/product\/yoast-seo-wordpress\/ -->\n<title>M\u00e4rkte und Tr\u00f6delm\u00e4rkte - Maison du Tourisme du Pays d&#039;Arlon<\/title>\n<meta name=\"description\" content=\"M\u00e4rkte, Flohm\u00e4rkte und Veranstaltungen im Pays d\u2019Arlon: vollst\u00e4ndiger Veranstaltungskalender mit lokalen Events, die Sie das ganze Jahr \u00fcber nicht verpassen sollten!\" \/>\n<meta name=\"robots\" content=\"index, follow, max-snippet:-1, max-image-preview:large, max-video-preview:-1\" \/>\n<link rel=\"canonical\" href=\"https:\/\/www.paysdarlon.be\/de\/agenda\/maerkte-und-troedelmaerkte\/\" \/>\n<meta property=\"og:locale\" content=\"de_DE\" \/>\n<meta property=\"og:type\" content=\"article\" \/>\n<meta property=\"og:title\" content=\"M\u00e4rkte und Tr\u00f6delm\u00e4rkte - Maison du Tourisme du Pays d&#039;Arlon\" \/>\n<meta property=\"og:description\" content=\"M\u00e4rkte, Flohm\u00e4rkte und Veranstaltungen im Pays d\u2019Arlon: vollst\u00e4ndiger Veranstaltungskalender mit lokalen Events, die Sie das ganze Jahr \u00fcber nicht verpassen sollten!\" \/>\n<meta property=\"og:url\" content=\"https:\/\/www.paysdarlon.be\/de\/agenda\/maerkte-und-troedelmaerkte\/\" \/>\n<meta property=\"og:site_name\" content=\"Maison du Tourisme du Pays d&#039;Arlon\" \/>\n<meta property=\"article:modified_time\" content=\"2025-10-30T13:21:13+00:00\" \/>\n<meta property=\"og:image\" content=\"https:\/\/www.paysdarlon.be\/wp-content\/uploads\/2021\/11\/Page-Agenda_Encart-Brocante_VPeuckert.jpg\" \/>\n\t<meta property=\"og:image:width\" content=\"1920\" \/>\n\t<meta property=\"og:image:height\" content=\"2560\" \/>\n\t<meta property=\"og:image:type\" content=\"image\/jpeg\" \/>\n<meta name=\"twitter:card\" content=\"summary_large_image\" \/>\n<meta name=\"twitter:label1\" content=\"Gesch\u00e4tzte Lesezeit\" \/>\n\t<meta name=\"twitter:data1\" content=\"1\u00a0Minute\" \/>\n<script type=\"application\/ld+json\" class=\"yoast-schema-graph\">{\"@context\":\"https:\/\/schema.org\",\"@graph\":[{\"@type\":\"WebPage\",\"@id\":\"https:\/\/www.paysdarlon.be\/de\/agenda\/maerkte-und-troedelmaerkte\/\",\"url\":\"https:\/\/www.paysdarlon.be\/de\/agenda\/maerkte-und-troedelmaerkte\/\",\"name\":\"M\u00e4rkte und Tr\u00f6delm\u00e4rkte - Maison du Tourisme du Pays d&#039;Arlon\",\"isPartOf\":{\"@id\":\"https:\/\/www.paysdarlon.be\/de\/#website\"},\"primaryImageOfPage\":{\"@id\":\"https:\/\/www.paysdarlon.be\/de\/agenda\/maerkte-und-troedelmaerkte\/#primaryimage\"},\"image\":{\"@id\":\"https:\/\/www.paysdarlon.be\/de\/agenda\/maerkte-und-troedelmaerkte\/#primaryimage\"},\"thumbnailUrl\":\"https:\/\/www.paysdarlon.be\/wp-content\/uploads\/2021\/11\/Page-Agenda_Encart-Brocante_VPeuckert.jpg\",\"datePublished\":\"2022-04-01T07:33:58+00:00\",\"dateModified\":\"2025-10-30T13:21:13+00:00\",\"description\":\"M\u00e4rkte, Flohm\u00e4rkte und Veranstaltungen im Pays d\u2019Arlon: vollst\u00e4ndiger Veranstaltungskalender mit lokalen Events, die Sie das ganze Jahr \u00fcber nicht verpassen sollten!\",\"breadcrumb\":{\"@id\":\"https:\/\/www.paysdarlon.be\/de\/agenda\/maerkte-und-troedelmaerkte\/#breadcrumb\"},\"inLanguage\":\"de\",\"potentialAction\":[{\"@type\":\"ReadAction\",\"target\":[\"https:\/\/www.paysdarlon.be\/de\/agenda\/maerkte-und-troedelmaerkte\/\"]}]},{\"@type\":\"ImageObject\",\"inLanguage\":\"de\",\"@id\":\"https:\/\/www.paysdarlon.be\/de\/agenda\/maerkte-und-troedelmaerkte\/#primaryimage\",\"url\":\"https:\/\/www.paysdarlon.be\/wp-content\/uploads\/2021\/11\/Page-Agenda_Encart-Brocante_VPeuckert.jpg\",\"contentUrl\":\"https:\/\/www.paysdarlon.be\/wp-content\/uploads\/2021\/11\/Page-Agenda_Encart-Brocante_VPeuckert.jpg\",\"width\":1920,\"height\":2560,\"caption\":\"VPeuckert\"},{\"@type\":\"BreadcrumbList\",\"@id\":\"https:\/\/www.paysdarlon.be\/de\/agenda\/maerkte-und-troedelmaerkte\/#breadcrumb\",\"itemListElement\":[{\"@type\":\"ListItem\",\"position\":1,\"name\":\"Home\",\"item\":\"https:\/\/www.paysdarlon.be\/de\/\"},{\"@type\":\"ListItem\",\"position\":2,\"name\":\"Agenda\",\"item\":\"https:\/\/www.paysdarlon.be\/de\/agenda\/\"},{\"@type\":\"ListItem\",\"position\":3,\"name\":\"M\u00e4rkte und Tr\u00f6delm\u00e4rkte\"}]},{\"@type\":\"WebSite\",\"@id\":\"https:\/\/www.paysdarlon.be\/de\/#website\",\"url\":\"https:\/\/www.paysdarlon.be\/de\/\",\"name\":\"wordpressdev\",\"description\":\"De l&#039;Ardenne \u00e0 la Lorraine\",\"publisher\":{\"@id\":\"https:\/\/www.paysdarlon.be\/de\/#organization\"},\"potentialAction\":[{\"@type\":\"SearchAction\",\"target\":{\"@type\":\"EntryPoint\",\"urlTemplate\":\"https:\/\/www.paysdarlon.be\/de\/?s={search_term_string}\"},\"query-input\":{\"@type\":\"PropertyValueSpecification\",\"valueRequired\":true,\"valueName\":\"search_term_string\"}}],\"inLanguage\":\"de\"},{\"@type\":\"Organization\",\"@id\":\"https:\/\/www.paysdarlon.be\/de\/#organization\",\"name\":\"wordpressdev\",\"url\":\"https:\/\/www.paysdarlon.be\/de\/\",\"logo\":{\"@type\":\"ImageObject\",\"inLanguage\":\"de\",\"@id\":\"https:\/\/www.paysdarlon.be\/de\/#\/schema\/logo\/image\/\",\"url\":\"https:\/\/www.paysdarlon.be\/wp-content\/uploads\/2020\/02\/Logo_MTPA_horizontal_sans_slogan-1.png\",\"contentUrl\":\"https:\/\/www.paysdarlon.be\/wp-content\/uploads\/2020\/02\/Logo_MTPA_horizontal_sans_slogan-1.png\",\"width\":500,\"height\":189,\"caption\":\"wordpressdev\"},\"image\":{\"@id\":\"https:\/\/www.paysdarlon.be\/de\/#\/schema\/logo\/image\/\"}}]}<\/script>\n<!-- \/ Yoast SEO plugin. -->","yoast_head_json":{"title":"M\u00e4rkte und Tr\u00f6delm\u00e4rkte - Maison du Tourisme du Pays d&#039;Arlon","description":"M\u00e4rkte, Flohm\u00e4rkte und Veranstaltungen im Pays d\u2019Arlon: vollst\u00e4ndiger Veranstaltungskalender mit lokalen Events, die Sie das ganze Jahr \u00fcber nicht verpassen sollten!","robots":{"index":"index","follow":"follow","max-snippet":"max-snippet:-1","max-image-preview":"max-image-preview:large","max-video-preview":"max-video-preview:-1"},"canonical":"https:\/\/www.paysdarlon.be\/de\/agenda\/maerkte-und-troedelmaerkte\/","og_locale":"de_DE","og_type":"article","og_title":"M\u00e4rkte und Tr\u00f6delm\u00e4rkte - Maison du Tourisme du Pays d&#039;Arlon","og_description":"M\u00e4rkte, Flohm\u00e4rkte und Veranstaltungen im Pays d\u2019Arlon: vollst\u00e4ndiger Veranstaltungskalender mit lokalen Events, die Sie das ganze Jahr \u00fcber nicht verpassen sollten!","og_url":"https:\/\/www.paysdarlon.be\/de\/agenda\/maerkte-und-troedelmaerkte\/","og_site_name":"Maison du Tourisme du Pays d&#039;Arlon","article_modified_time":"2025-10-30T13:21:13+00:00","og_image":[{"width":1920,"height":2560,"url":"https:\/\/www.paysdarlon.be\/wp-content\/uploads\/2021\/11\/Page-Agenda_Encart-Brocante_VPeuckert.jpg","type":"image\/jpeg"}],"twitter_card":"summary_large_image","twitter_misc":{"Gesch\u00e4tzte Lesezeit":"1\u00a0Minute"},"schema":{"@context":"https:\/\/schema.org","@graph":[{"@type":"WebPage","@id":"https:\/\/www.paysdarlon.be\/de\/agenda\/maerkte-und-troedelmaerkte\/","url":"https:\/\/www.paysdarlon.be\/de\/agenda\/maerkte-und-troedelmaerkte\/","name":"M\u00e4rkte und Tr\u00f6delm\u00e4rkte - Maison du Tourisme du Pays d&#039;Arlon","isPartOf":{"@id":"https:\/\/www.paysdarlon.be\/de\/#website"},"primaryImageOfPage":{"@id":"https:\/\/www.paysdarlon.be\/de\/agenda\/maerkte-und-troedelmaerkte\/#primaryimage"},"image":{"@id":"https:\/\/www.paysdarlon.be\/de\/agenda\/maerkte-und-troedelmaerkte\/#primaryimage"},"thumbnailUrl":"https:\/\/www.paysdarlon.be\/wp-content\/uploads\/2021\/11\/Page-Agenda_Encart-Brocante_VPeuckert.jpg","datePublished":"2022-04-01T07:33:58+00:00","dateModified":"2025-10-30T13:21:13+00:00","description":"M\u00e4rkte, Flohm\u00e4rkte und Veranstaltungen im Pays d\u2019Arlon: vollst\u00e4ndiger Veranstaltungskalender mit lokalen Events, die Sie das ganze Jahr \u00fcber nicht verpassen sollten!","breadcrumb":{"@id":"https:\/\/www.paysdarlon.be\/de\/agenda\/maerkte-und-troedelmaerkte\/#breadcrumb"},"inLanguage":"de","potentialAction":[{"@type":"ReadAction","target":["https:\/\/www.paysdarlon.be\/de\/agenda\/maerkte-und-troedelmaerkte\/"]}]},{"@type":"ImageObject","inLanguage":"de","@id":"https:\/\/www.paysdarlon.be\/de\/agenda\/maerkte-und-troedelmaerkte\/#primaryimage","url":"https:\/\/www.paysdarlon.be\/wp-content\/uploads\/2021\/11\/Page-Agenda_Encart-Brocante_VPeuckert.jpg","contentUrl":"https:\/\/www.paysdarlon.be\/wp-content\/uploads\/2021\/11\/Page-Agenda_Encart-Brocante_VPeuckert.jpg","width":1920,"height":2560,"caption":"VPeuckert"},{"@type":"BreadcrumbList","@id":"https:\/\/www.paysdarlon.be\/de\/agenda\/maerkte-und-troedelmaerkte\/#breadcrumb","itemListElement":[{"@type":"ListItem","position":1,"name":"Home","item":"https:\/\/www.paysdarlon.be\/de\/"},{"@type":"ListItem","position":2,"name":"Agenda","item":"https:\/\/www.paysdarlon.be\/de\/agenda\/"},{"@type":"ListItem","position":3,"name":"M\u00e4rkte und Tr\u00f6delm\u00e4rkte"}]},{"@type":"WebSite","@id":"https:\/\/www.paysdarlon.be\/de\/#website","url":"https:\/\/www.paysdarlon.be\/de\/","name":"wordpressdev","description":"De l&#039;Ardenne \u00e0 la Lorraine","publisher":{"@id":"https:\/\/www.paysdarlon.be\/de\/#organization"},"potentialAction":[{"@type":"SearchAction","target":{"@type":"EntryPoint","urlTemplate":"https:\/\/www.paysdarlon.be\/de\/?s={search_term_string}"},"query-input":{"@type":"PropertyValueSpecification","valueRequired":true,"valueName":"search_term_string"}}],"inLanguage":"de"},{"@type":"Organization","@id":"https:\/\/www.paysdarlon.be\/de\/#organization","name":"wordpressdev","url":"https:\/\/www.paysdarlon.be\/de\/","logo":{"@type":"ImageObject","inLanguage":"de","@id":"https:\/\/www.paysdarlon.be\/de\/#\/schema\/logo\/image\/","url":"https:\/\/www.paysdarlon.be\/wp-content\/uploads\/2020\/02\/Logo_MTPA_horizontal_sans_slogan-1.png","contentUrl":"https:\/\/www.paysdarlon.be\/wp-content\/uploads\/2020\/02\/Logo_MTPA_horizontal_sans_slogan-1.png","width":500,"height":189,"caption":"wordpressdev"},"image":{"@id":"https:\/\/www.paysdarlon.be\/de\/#\/schema\/logo\/image\/"}}]}},"_links":{"self":[{"href":"https:\/\/www.paysdarlon.be\/de\/wp-json\/wp\/v2\/pages\/5743","targetHints":{"allow":["GET"]}}],"collection":[{"href":"https:\/\/www.paysdarlon.be\/de\/wp-json\/wp\/v2\/pages"}],"about":[{"href":"https:\/\/www.paysdarlon.be\/de\/wp-json\/wp\/v2\/types\/page"}],"author":[{"embeddable":true,"href":"https:\/\/www.paysdarlon.be\/de\/wp-json\/wp\/v2\/users\/2"}],"replies":[{"embeddable":true,"href":"https:\/\/www.paysdarlon.be\/de\/wp-json\/wp\/v2\/comments?post=5743"}],"version-history":[{"count":5,"href":"https:\/\/www.paysdarlon.be\/de\/wp-json\/wp\/v2\/pages\/5743\/revisions"}],"predecessor-version":[{"id":10189,"href":"https:\/\/www.paysdarlon.be\/de\/wp-json\/wp\/v2\/pages\/5743\/revisions\/10189"}],"up":[{"embeddable":true,"href":"https:\/\/www.paysdarlon.be\/de\/wp-json\/wp\/v2\/pages\/5856"}],"wp:featuredmedia":[{"embeddable":true,"href":"https:\/\/www.paysdarlon.be\/de\/wp-json\/wp\/v2\/media\/5137"}],"wp:attachment":[{"href":"https:\/\/www.paysdarlon.be\/de\/wp-json\/wp\/v2\/media?parent=5743"}],"wp:term":[{"taxonomy":"category","embeddable":true,"href":"https:\/\/www.paysdarlon.be\/de\/wp-json\/wp\/v2\/categories?post=5743"},{"taxonomy":"post_tag","embeddable":true,"href":"https:\/\/www.paysdarlon.be\/de\/wp-json\/wp\/v2\/tags?post=5743"}],"curies":[{"name":"wp","href":"https:\/\/api.w.org\/{rel}","templated":true}]}}