{"id":5797,"date":"2022-04-01T11:14:45","date_gmt":"2022-04-01T09:14:45","guid":{"rendered":"https:\/\/www.paysdarlon.be\/entdecken\/"},"modified":"2022-04-25T08:06:58","modified_gmt":"2022-04-25T06:06:58","slug":"entdecken","status":"publish","type":"page","link":"https:\/\/www.paysdarlon.be\/de\/entdecken\/","title":{"rendered":"Entdecken"},"content":{"rendered":"\t\t<div data-elementor-type=\"wp-page\" data-elementor-id=\"5797\" class=\"elementor elementor-5797 elementor-4917\" data-elementor-post-type=\"page\">\n\t\t\t\t\t\t<section class=\"elementor-section elementor-top-section elementor-element elementor-element-1c303c5d elementor-section-full_width elementor-section-height-min-height elementor-section-items-bottom elementor-section-height-default\" data-id=\"1c303c5d\" data-element_type=\"section\" data-e-type=\"section\" data-settings=\"{&quot;background_background&quot;:&quot;classic&quot;}\">\n\t\t\t\t\t\t\t<div class=\"elementor-background-overlay\"><\/div>\n\t\t\t\t\t\t\t<div class=\"elementor-container elementor-column-gap-default\">\n\t\t\t\t\t<div class=\"elementor-column elementor-col-100 elementor-top-column elementor-element elementor-element-208d78ad\" data-id=\"208d78ad\" data-element_type=\"column\" data-e-type=\"column\">\n\t\t\t<div class=\"elementor-widget-wrap elementor-element-populated\">\n\t\t\t\t\t\t<div class=\"elementor-element elementor-element-7b5954cc elementor-widget elementor-widget-heading\" data-id=\"7b5954cc\" data-element_type=\"widget\" data-e-type=\"widget\" data-widget_type=\"heading.default\">\n\t\t\t\t<div class=\"elementor-widget-container\">\n\t\t\t\t\t<h1 class=\"elementor-heading-title elementor-size-default\">Entdecken<\/h1>\t\t\t\t<\/div>\n\t\t\t\t<\/div>\n\t\t\t\t\t<\/div>\n\t\t<\/div>\n\t\t\t\t\t<\/div>\n\t\t<\/section>\n\t\t\t\t<section class=\"elementor-section elementor-top-section elementor-element elementor-element-7e280bf elementor-section-boxed elementor-section-height-default elementor-section-height-default\" data-id=\"7e280bf\" data-element_type=\"section\" data-e-type=\"section\">\n\t\t\t\t\t\t<div class=\"elementor-container elementor-column-gap-default\">\n\t\t\t\t\t<div class=\"elementor-column elementor-col-100 elementor-top-column elementor-element elementor-element-225788dc\" data-id=\"225788dc\" data-element_type=\"column\" data-e-type=\"column\">\n\t\t\t<div class=\"elementor-widget-wrap elementor-element-populated\">\n\t\t\t\t\t\t<div class=\"elementor-element elementor-element-2df4e1b2 elementor-widget elementor-widget-text-editor\" data-id=\"2df4e1b2\" data-element_type=\"widget\" data-e-type=\"widget\" data-widget_type=\"text-editor.default\">\n\t\t\t\t<div class=\"elementor-widget-container\">\n\t\t\t\t\t\t\t\t\tBesuchen Sie das Areler Land (Pays d&#8217;Arlon) und seine 4 Gemeinden (Attert, Arlon, Aubange und Messancy), die Kulturerbe, Natur, Geschichte und Folklore vereinen. Entdecken Sie unumg\u00e4ngliche St\u00e4tten wie das Sankt-Donatus-Viertel und sein Belvedere, die Ruinen der Abtei von Clairefontaine, das gallor\u00f6mische Erbe, das h\u00fcbsche Dorf Nobressart, das Arboretum von Frassem oder noch das Feuerwehrmuseum in Athus.\r\nWas kann man im Areler Land unternehmen oder besichtigen? W\u00e4hlen Sie eine der untenstehenden Kategorien f\u00fcr mehr Infos. Die Maison du Tourisme (Tourist Info) hat unz\u00e4hlige Ideen f\u00fcr Sie!\t\t\t\t\t\t\t\t<\/div>\n\t\t\t\t<\/div>\n\t\t\t\t\t<\/div>\n\t\t<\/div>\n\t\t\t\t\t<\/div>\n\t\t<\/section>\n\t\t\t\t<section class=\"elementor-section elementor-top-section elementor-element elementor-element-4a598b79 elementor-section-boxed elementor-section-height-default elementor-section-height-default\" data-id=\"4a598b79\" data-element_type=\"section\" data-e-type=\"section\">\n\t\t\t\t\t\t<div class=\"elementor-container elementor-column-gap-default\">\n\t\t\t\t\t<div class=\"elementor-column elementor-col-33 elementor-top-column elementor-element elementor-element-6bb3e0e2\" data-id=\"6bb3e0e2\" data-element_type=\"column\" data-e-type=\"column\">\n\t\t\t<div class=\"elementor-widget-wrap elementor-element-populated\">\n\t\t\t\t\t\t<div class=\"elementor-element elementor-element-6175d653 elementor-cta--skin-cover elementor-cta--valign-middle elementor-widget elementor-widget-call-to-action\" data-id=\"6175d653\" data-element_type=\"widget\" data-e-type=\"widget\" data-widget_type=\"call-to-action.default\">\n\t\t\t\t<div class=\"elementor-widget-container\">\n\t\t\t\t\t\t\t<div class=\"elementor-cta\">\n\t\t\t\t\t<div class=\"elementor-cta__bg-wrapper\">\n\t\t\t\t<div class=\"elementor-cta__bg elementor-bg\" style=\"background-image: url(https:\/\/www.paysdarlon.be\/wp-content\/uploads\/2021\/11\/Page-Decouvrir_Vignette-Le-Pays-dArlon_Villages-et-Paysages-768x512.jpg);\" role=\"img\" aria-label=\"Le Pays d&#039;Arlon_Villages et Paysages\"><\/div>\n\t\t\t\t<div class=\"elementor-cta__bg-overlay\"><\/div>\n\t\t\t<\/div>\n\t\t\t\t\t\t\t<div class=\"elementor-cta__content\">\n\t\t\t\t\n\t\t\t\t\n\t\t\t\t\n\t\t\t\t\t\t\t\t\t<div class=\"elementor-cta__button-wrapper elementor-cta__content-item elementor-content-item \">\n\t\t\t\t\t<a class=\"elementor-cta__button elementor-button elementor-size-md\" href=\"https:\/\/www.paysdarlon.be\/de\/entdecken\/das-areler-land\/\">\n\t\t\t\t\t\tDas Areler Land\t\t\t\t\t<\/a>\n\t\t\t\t\t<\/div>\n\t\t\t\t\t\t\t<\/div>\n\t\t\t\t\t\t<\/div>\n\t\t\t\t\t\t<\/div>\n\t\t\t\t<\/div>\n\t\t\t\t\t<\/div>\n\t\t<\/div>\n\t\t\t\t<div class=\"elementor-column elementor-col-33 elementor-top-column elementor-element elementor-element-2631fb05\" data-id=\"2631fb05\" data-element_type=\"column\" data-e-type=\"column\">\n\t\t\t<div class=\"elementor-widget-wrap elementor-element-populated\">\n\t\t\t\t\t\t<div class=\"elementor-element elementor-element-34633bbb elementor-cta--skin-cover elementor-cta--valign-middle elementor-widget elementor-widget-call-to-action\" data-id=\"34633bbb\" data-element_type=\"widget\" data-e-type=\"widget\" data-widget_type=\"call-to-action.default\">\n\t\t\t\t<div class=\"elementor-widget-container\">\n\t\t\t\t\t\t\t<div class=\"elementor-cta\">\n\t\t\t\t\t<div class=\"elementor-cta__bg-wrapper\">\n\t\t\t\t<div class=\"elementor-cta__bg elementor-bg\" style=\"background-image: url(https:\/\/www.paysdarlon.be\/wp-content\/uploads\/2021\/11\/Page-Accueil_Encart-Les-incontournables_Maitrank-768x512.jpg);\" role=\"img\" aria-label=\"Verre de Maitrank pos\u00e9 sur une planche en bois en for\u00eat, entour\u00e9 de plants d\u2019asp\u00e9rule, avec un cerf grav\u00e9 et les rayons du soleil traversant le verre\"><\/div>\n\t\t\t\t<div class=\"elementor-cta__bg-overlay\"><\/div>\n\t\t\t<\/div>\n\t\t\t\t\t\t\t<div class=\"elementor-cta__content\">\n\t\t\t\t\n\t\t\t\t\n\t\t\t\t\n\t\t\t\t\t\t\t\t\t<div class=\"elementor-cta__button-wrapper elementor-cta__content-item elementor-content-item \">\n\t\t\t\t\t<a class=\"elementor-cta__button elementor-button elementor-size-md\" href=\"https:\/\/www.paysdarlon.be\/de\/entdecken\/unbedingt-sehenswert\/\">\n\t\t\t\t\t\tUnbedingt sehenswert\t\t\t\t\t<\/a>\n\t\t\t\t\t<\/div>\n\t\t\t\t\t\t\t<\/div>\n\t\t\t\t\t\t<\/div>\n\t\t\t\t\t\t<\/div>\n\t\t\t\t<\/div>\n\t\t\t\t\t<\/div>\n\t\t<\/div>\n\t\t\t\t<div class=\"elementor-column elementor-col-33 elementor-top-column elementor-element elementor-element-6b5902c7\" data-id=\"6b5902c7\" data-element_type=\"column\" data-e-type=\"column\">\n\t\t\t<div class=\"elementor-widget-wrap elementor-element-populated\">\n\t\t\t\t\t\t<div class=\"elementor-element elementor-element-7a3166a5 elementor-cta--skin-cover elementor-cta--valign-middle elementor-widget elementor-widget-call-to-action\" data-id=\"7a3166a5\" data-element_type=\"widget\" data-e-type=\"widget\" data-widget_type=\"call-to-action.default\">\n\t\t\t\t<div class=\"elementor-widget-container\">\n\t\t\t\t\t\t\t<div class=\"elementor-cta\">\n\t\t\t\t\t<div class=\"elementor-cta__bg-wrapper\">\n\t\t\t\t<div class=\"elementor-cta__bg elementor-bg\" style=\"background-image: url(https:\/\/www.paysdarlon.be\/wp-content\/uploads\/2021\/11\/Page-Decouvrir_Vignette-Musees-et-attractions_Musee-Gaspar-768x512.jpg);\" role=\"img\" aria-label=\"Mus\u00e9e Gaspar\"><\/div>\n\t\t\t\t<div class=\"elementor-cta__bg-overlay\"><\/div>\n\t\t\t<\/div>\n\t\t\t\t\t\t\t<div class=\"elementor-cta__content\">\n\t\t\t\t\n\t\t\t\t\n\t\t\t\t\n\t\t\t\t\t\t\t\t\t<div class=\"elementor-cta__button-wrapper elementor-cta__content-item elementor-content-item \">\n\t\t\t\t\t<a class=\"elementor-cta__button elementor-button elementor-size-md\" href=\"\/de\/decouvrir\/musees-attractions\">\n\t\t\t\t\t\tMuseen und Sehensw\u00fcrdigkeiten\t\t\t\t\t<\/a>\n\t\t\t\t\t<\/div>\n\t\t\t\t\t\t\t<\/div>\n\t\t\t\t\t\t<\/div>\n\t\t\t\t\t\t<\/div>\n\t\t\t\t<\/div>\n\t\t\t\t\t<\/div>\n\t\t<\/div>\n\t\t\t\t\t<\/div>\n\t\t<\/section>\n\t\t\t\t<section class=\"elementor-section elementor-top-section elementor-element elementor-element-a8606d8 elementor-section-boxed elementor-section-height-default elementor-section-height-default\" data-id=\"a8606d8\" data-element_type=\"section\" data-e-type=\"section\">\n\t\t\t\t\t\t<div class=\"elementor-container elementor-column-gap-default\">\n\t\t\t\t\t<div class=\"elementor-column elementor-col-33 elementor-top-column elementor-element elementor-element-e3f42d1\" data-id=\"e3f42d1\" data-element_type=\"column\" data-e-type=\"column\">\n\t\t\t<div class=\"elementor-widget-wrap elementor-element-populated\">\n\t\t\t\t\t\t<div class=\"elementor-element elementor-element-767e327 elementor-cta--skin-cover elementor-cta--valign-middle elementor-widget elementor-widget-call-to-action\" data-id=\"767e327\" data-element_type=\"widget\" data-e-type=\"widget\" data-widget_type=\"call-to-action.default\">\n\t\t\t\t<div class=\"elementor-widget-container\">\n\t\t\t\t\t\t\t<div class=\"elementor-cta\">\n\t\t\t\t\t<div class=\"elementor-cta__bg-wrapper\">\n\t\t\t\t<div class=\"elementor-cta__bg elementor-bg\" style=\"background-image: url(https:\/\/www.paysdarlon.be\/wp-content\/uploads\/2021\/11\/Page-Decouvrir_Vignette-Patrimoine_Tour-Neptune-768x512.jpg);\" role=\"img\" aria-label=\"Patrimoine Tour Neptune\"><\/div>\n\t\t\t\t<div class=\"elementor-cta__bg-overlay\"><\/div>\n\t\t\t<\/div>\n\t\t\t\t\t\t\t<div class=\"elementor-cta__content\">\n\t\t\t\t\n\t\t\t\t\n\t\t\t\t\n\t\t\t\t\t\t\t\t\t<div class=\"elementor-cta__button-wrapper elementor-cta__content-item elementor-content-item \">\n\t\t\t\t\t<a class=\"elementor-cta__button elementor-button elementor-size-md\" href=\"\/de\/decouvrir\/patrimoine\">\n\t\t\t\t\t\tErbe\t\t\t\t\t<\/a>\n\t\t\t\t\t<\/div>\n\t\t\t\t\t\t\t<\/div>\n\t\t\t\t\t\t<\/div>\n\t\t\t\t\t\t<\/div>\n\t\t\t\t<\/div>\n\t\t\t\t\t<\/div>\n\t\t<\/div>\n\t\t\t\t<div class=\"elementor-column elementor-col-33 elementor-top-column elementor-element elementor-element-caa59cb\" data-id=\"caa59cb\" data-element_type=\"column\" data-e-type=\"column\">\n\t\t\t<div class=\"elementor-widget-wrap elementor-element-populated\">\n\t\t\t\t\t\t<div class=\"elementor-element elementor-element-6d2cfba elementor-cta--skin-cover elementor-cta--valign-middle elementor-widget elementor-widget-call-to-action\" data-id=\"6d2cfba\" data-element_type=\"widget\" data-e-type=\"widget\" data-widget_type=\"call-to-action.default\">\n\t\t\t\t<div class=\"elementor-widget-container\">\n\t\t\t\t\t\t\t<div class=\"elementor-cta\">\n\t\t\t\t\t<div class=\"elementor-cta__bg-wrapper\">\n\t\t\t\t<div class=\"elementor-cta__bg elementor-bg\" style=\"background-image: url(https:\/\/www.paysdarlon.be\/wp-content\/uploads\/2021\/11\/Page-Decouvrir_Vignette-nature_Marais-de-Grendel-768x512.jpg);\" role=\"img\" aria-label=\"Marais de Grendel\"><\/div>\n\t\t\t\t<div class=\"elementor-cta__bg-overlay\"><\/div>\n\t\t\t<\/div>\n\t\t\t\t\t\t\t<div class=\"elementor-cta__content\">\n\t\t\t\t\n\t\t\t\t\n\t\t\t\t\n\t\t\t\t\t\t\t\t\t<div class=\"elementor-cta__button-wrapper elementor-cta__content-item elementor-content-item \">\n\t\t\t\t\t<a class=\"elementor-cta__button elementor-button elementor-size-md\" href=\"\/de\/decouvrir\/nature\">\n\t\t\t\t\t\tNatur\t\t\t\t\t<\/a>\n\t\t\t\t\t<\/div>\n\t\t\t\t\t\t\t<\/div>\n\t\t\t\t\t\t<\/div>\n\t\t\t\t\t\t<\/div>\n\t\t\t\t<\/div>\n\t\t\t\t\t<\/div>\n\t\t<\/div>\n\t\t\t\t<div class=\"elementor-column elementor-col-33 elementor-top-column elementor-element elementor-element-2bd9191\" data-id=\"2bd9191\" data-element_type=\"column\" data-e-type=\"column\">\n\t\t\t<div class=\"elementor-widget-wrap elementor-element-populated\">\n\t\t\t\t\t\t<div class=\"elementor-element elementor-element-283436d elementor-cta--skin-cover elementor-cta--valign-middle elementor-widget elementor-widget-call-to-action\" data-id=\"283436d\" data-element_type=\"widget\" data-e-type=\"widget\" data-widget_type=\"call-to-action.default\">\n\t\t\t\t<div class=\"elementor-widget-container\">\n\t\t\t\t\t\t\t<div class=\"elementor-cta\">\n\t\t\t\t\t<div class=\"elementor-cta__bg-wrapper\">\n\t\t\t\t<div class=\"elementor-cta__bg elementor-bg\" style=\"background-image: url(https:\/\/www.paysdarlon.be\/wp-content\/uploads\/2021\/11\/Page-Decouvrir_Vignette-Shopping_McArthurGlen-768x512.jpg);\" role=\"img\" aria-label=\"McArthurGlen\"><\/div>\n\t\t\t\t<div class=\"elementor-cta__bg-overlay\"><\/div>\n\t\t\t<\/div>\n\t\t\t\t\t\t\t<div class=\"elementor-cta__content\">\n\t\t\t\t\n\t\t\t\t\n\t\t\t\t\n\t\t\t\t\t\t\t\t\t<div class=\"elementor-cta__button-wrapper elementor-cta__content-item elementor-content-item \">\n\t\t\t\t\t<a class=\"elementor-cta__button elementor-button elementor-size-md\" href=\"\/de\/decouvrir\/shopping\">\n\t\t\t\t\t\tShopping\t\t\t\t\t<\/a>\n\t\t\t\t\t<\/div>\n\t\t\t\t\t\t\t<\/div>\n\t\t\t\t\t\t<\/div>\n\t\t\t\t\t\t<\/div>\n\t\t\t\t<\/div>\n\t\t\t\t\t<\/div>\n\t\t<\/div>\n\t\t\t\t\t<\/div>\n\t\t<\/section>\n\t\t\t\t<\/div>\n\t\t","protected":false},"excerpt":{"rendered":"<p>Besuchen Sie das Areler Land (Pays d&#8217;Arlon) und seine 4 Gemeinden (Attert, Arlon, Aubange und Messancy), die Kulturerbe, Natur, Geschichte und Folklore vereinen. Entdecken Sie unumg\u00e4ngliche St\u00e4tten wie das Sankt-Donatus-Viertel und sein Belvedere, die Ruinen der Abtei von Clairefontaine, das gallor\u00f6mische Erbe, das h\u00fcbsche Dorf Nobressart, das Arboretum von Frassem oder noch das Feuerwehrmuseum in [&hellip;]<\/p>\n","protected":false},"author":2,"featured_media":5186,"parent":0,"menu_order":0,"comment_status":"closed","ping_status":"closed","template":"","meta":{"site-sidebar-layout":"no-sidebar","site-content-layout":"page-builder","ast-site-content-layout":"full-width-container","site-content-style":"unboxed","site-sidebar-style":"unboxed","ast-global-header-display":"","ast-banner-title-visibility":"","ast-main-header-display":"","ast-hfb-above-header-display":"","ast-hfb-below-header-display":"","ast-hfb-mobile-header-display":"","site-post-title":"disabled","ast-breadcrumbs-content":"","ast-featured-img":"disabled","footer-sml-layout":"","ast-disable-related-posts":"","theme-transparent-header-meta":"default","adv-header-id-meta":"","stick-header-meta":"","header-above-stick-meta":"","header-main-stick-meta":"","header-below-stick-meta":"","astra-migrate-meta-layouts":"default","ast-page-background-enabled":"default","ast-page-background-meta":{"desktop":{"background-color":"","background-image":"","background-repeat":"repeat","background-position":"center center","background-size":"auto","background-attachment":"scroll","background-type":"","background-media":"","overlay-type":"","overlay-color":"","overlay-opacity":"","overlay-gradient":""},"tablet":{"background-color":"","background-image":"","background-repeat":"repeat","background-position":"center center","background-size":"auto","background-attachment":"scroll","background-type":"","background-media":"","overlay-type":"","overlay-color":"","overlay-opacity":"","overlay-gradient":""},"mobile":{"background-color":"","background-image":"","background-repeat":"repeat","background-position":"center center","background-size":"auto","background-attachment":"scroll","background-type":"","background-media":"","overlay-type":"","overlay-color":"","overlay-opacity":"","overlay-gradient":""}},"ast-content-background-meta":{"desktop":{"background-color":"var(--ast-global-color-5)","background-image":"","background-repeat":"repeat","background-position":"center center","background-size":"auto","background-attachment":"scroll","background-type":"","background-media":"","overlay-type":"","overlay-color":"","overlay-opacity":"","overlay-gradient":""},"tablet":{"background-color":"var(--ast-global-color-5)","background-image":"","background-repeat":"repeat","background-position":"center center","background-size":"auto","background-attachment":"scroll","background-type":"","background-media":"","overlay-type":"","overlay-color":"","overlay-opacity":"","overlay-gradient":""},"mobile":{"background-color":"var(--ast-global-color-5)","background-image":"","background-repeat":"repeat","background-position":"center center","background-size":"auto","background-attachment":"scroll","background-type":"","background-media":"","overlay-type":"","overlay-color":"","overlay-opacity":"","overlay-gradient":""}},"footnotes":""},"categories":[],"tags":[],"class_list":["post-5797","page","type-page","status-publish","has-post-thumbnail","hentry"],"yoast_head":"<!-- This site is optimized with the Yoast SEO plugin v27.4 - https:\/\/yoast.com\/product\/yoast-seo-wordpress\/ -->\n<title>Entdecken - Maison du Tourisme du Pays d&#039;Arlon<\/title>\n<meta name=\"robots\" content=\"index, follow, max-snippet:-1, max-image-preview:large, max-video-preview:-1\" \/>\n<link rel=\"canonical\" href=\"https:\/\/www.paysdarlon.be\/de\/entdecken\/\" \/>\n<meta property=\"og:locale\" content=\"de_DE\" \/>\n<meta property=\"og:type\" content=\"article\" \/>\n<meta property=\"og:title\" content=\"Entdecken - Maison du Tourisme du Pays d&#039;Arlon\" \/>\n<meta property=\"og:description\" content=\"Besuchen Sie das Areler Land (Pays d&#8217;Arlon) und seine 4 Gemeinden (Attert, Arlon, Aubange und Messancy), die Kulturerbe, Natur, Geschichte und Folklore vereinen. Entdecken Sie unumg\u00e4ngliche St\u00e4tten wie das Sankt-Donatus-Viertel und sein Belvedere, die Ruinen der Abtei von Clairefontaine, das gallor\u00f6mische Erbe, das h\u00fcbsche Dorf Nobressart, das Arboretum von Frassem oder noch das Feuerwehrmuseum in [&hellip;]\" \/>\n<meta property=\"og:url\" content=\"https:\/\/www.paysdarlon.be\/de\/entdecken\/\" \/>\n<meta property=\"og:site_name\" content=\"Maison du Tourisme du Pays d&#039;Arlon\" \/>\n<meta property=\"article:modified_time\" content=\"2022-04-25T06:06:58+00:00\" \/>\n<meta property=\"og:image\" content=\"https:\/\/www.paysdarlon.be\/wp-content\/uploads\/2021\/11\/Page-Decouvrir_Couverture_Abbaye-de-Clairefontaine.jpg\" \/>\n\t<meta property=\"og:image:width\" content=\"1920\" \/>\n\t<meta property=\"og:image:height\" content=\"1280\" \/>\n\t<meta property=\"og:image:type\" content=\"image\/jpeg\" \/>\n<meta name=\"twitter:card\" content=\"summary_large_image\" \/>\n<meta name=\"twitter:label1\" content=\"Gesch\u00e4tzte Lesezeit\" \/>\n\t<meta name=\"twitter:data1\" content=\"1\u00a0Minute\" \/>\n<script type=\"application\/ld+json\" class=\"yoast-schema-graph\">{\"@context\":\"https:\\\/\\\/schema.org\",\"@graph\":[{\"@type\":\"WebPage\",\"@id\":\"https:\\\/\\\/www.paysdarlon.be\\\/de\\\/entdecken\\\/\",\"url\":\"https:\\\/\\\/www.paysdarlon.be\\\/de\\\/entdecken\\\/\",\"name\":\"Entdecken - Maison du Tourisme du Pays d&#039;Arlon\",\"isPartOf\":{\"@id\":\"https:\\\/\\\/www.paysdarlon.be\\\/de\\\/#website\"},\"primaryImageOfPage\":{\"@id\":\"https:\\\/\\\/www.paysdarlon.be\\\/de\\\/entdecken\\\/#primaryimage\"},\"image\":{\"@id\":\"https:\\\/\\\/www.paysdarlon.be\\\/de\\\/entdecken\\\/#primaryimage\"},\"thumbnailUrl\":\"https:\\\/\\\/www.paysdarlon.be\\\/wp-content\\\/uploads\\\/2021\\\/11\\\/Page-Decouvrir_Couverture_Abbaye-de-Clairefontaine.jpg\",\"datePublished\":\"2022-04-01T09:14:45+00:00\",\"dateModified\":\"2022-04-25T06:06:58+00:00\",\"breadcrumb\":{\"@id\":\"https:\\\/\\\/www.paysdarlon.be\\\/de\\\/entdecken\\\/#breadcrumb\"},\"inLanguage\":\"de\",\"potentialAction\":[{\"@type\":\"ReadAction\",\"target\":[\"https:\\\/\\\/www.paysdarlon.be\\\/de\\\/entdecken\\\/\"]}]},{\"@type\":\"ImageObject\",\"inLanguage\":\"de\",\"@id\":\"https:\\\/\\\/www.paysdarlon.be\\\/de\\\/entdecken\\\/#primaryimage\",\"url\":\"https:\\\/\\\/www.paysdarlon.be\\\/wp-content\\\/uploads\\\/2021\\\/11\\\/Page-Decouvrir_Couverture_Abbaye-de-Clairefontaine.jpg\",\"contentUrl\":\"https:\\\/\\\/www.paysdarlon.be\\\/wp-content\\\/uploads\\\/2021\\\/11\\\/Page-Decouvrir_Couverture_Abbaye-de-Clairefontaine.jpg\",\"width\":1920,\"height\":1280,\"caption\":\"M\u00e9lanie Meinbach\"},{\"@type\":\"BreadcrumbList\",\"@id\":\"https:\\\/\\\/www.paysdarlon.be\\\/de\\\/entdecken\\\/#breadcrumb\",\"itemListElement\":[{\"@type\":\"ListItem\",\"position\":1,\"name\":\"Home\",\"item\":\"https:\\\/\\\/www.paysdarlon.be\\\/de\\\/\"},{\"@type\":\"ListItem\",\"position\":2,\"name\":\"Entdecken\"}]},{\"@type\":\"WebSite\",\"@id\":\"https:\\\/\\\/www.paysdarlon.be\\\/de\\\/#website\",\"url\":\"https:\\\/\\\/www.paysdarlon.be\\\/de\\\/\",\"name\":\"wordpressdev\",\"description\":\"De l&#039;Ardenne \u00e0 la Lorraine\",\"publisher\":{\"@id\":\"https:\\\/\\\/www.paysdarlon.be\\\/de\\\/#organization\"},\"potentialAction\":[{\"@type\":\"SearchAction\",\"target\":{\"@type\":\"EntryPoint\",\"urlTemplate\":\"https:\\\/\\\/www.paysdarlon.be\\\/de\\\/?s={search_term_string}\"},\"query-input\":{\"@type\":\"PropertyValueSpecification\",\"valueRequired\":true,\"valueName\":\"search_term_string\"}}],\"inLanguage\":\"de\"},{\"@type\":\"Organization\",\"@id\":\"https:\\\/\\\/www.paysdarlon.be\\\/de\\\/#organization\",\"name\":\"wordpressdev\",\"url\":\"https:\\\/\\\/www.paysdarlon.be\\\/de\\\/\",\"logo\":{\"@type\":\"ImageObject\",\"inLanguage\":\"de\",\"@id\":\"https:\\\/\\\/www.paysdarlon.be\\\/de\\\/#\\\/schema\\\/logo\\\/image\\\/\",\"url\":\"https:\\\/\\\/www.paysdarlon.be\\\/wp-content\\\/uploads\\\/2020\\\/02\\\/Logo_MTPA_horizontal_sans_slogan-1.png\",\"contentUrl\":\"https:\\\/\\\/www.paysdarlon.be\\\/wp-content\\\/uploads\\\/2020\\\/02\\\/Logo_MTPA_horizontal_sans_slogan-1.png\",\"width\":500,\"height\":189,\"caption\":\"wordpressdev\"},\"image\":{\"@id\":\"https:\\\/\\\/www.paysdarlon.be\\\/de\\\/#\\\/schema\\\/logo\\\/image\\\/\"}}]}<\/script>\n<!-- \/ Yoast SEO plugin. -->","yoast_head_json":{"title":"Entdecken - Maison du Tourisme du Pays d&#039;Arlon","robots":{"index":"index","follow":"follow","max-snippet":"max-snippet:-1","max-image-preview":"max-image-preview:large","max-video-preview":"max-video-preview:-1"},"canonical":"https:\/\/www.paysdarlon.be\/de\/entdecken\/","og_locale":"de_DE","og_type":"article","og_title":"Entdecken - Maison du Tourisme du Pays d&#039;Arlon","og_description":"Besuchen Sie das Areler Land (Pays d&#8217;Arlon) und seine 4 Gemeinden (Attert, Arlon, Aubange und Messancy), die Kulturerbe, Natur, Geschichte und Folklore vereinen. Entdecken Sie unumg\u00e4ngliche St\u00e4tten wie das Sankt-Donatus-Viertel und sein Belvedere, die Ruinen der Abtei von Clairefontaine, das gallor\u00f6mische Erbe, das h\u00fcbsche Dorf Nobressart, das Arboretum von Frassem oder noch das Feuerwehrmuseum in [&hellip;]","og_url":"https:\/\/www.paysdarlon.be\/de\/entdecken\/","og_site_name":"Maison du Tourisme du Pays d&#039;Arlon","article_modified_time":"2022-04-25T06:06:58+00:00","og_image":[{"width":1920,"height":1280,"url":"https:\/\/www.paysdarlon.be\/wp-content\/uploads\/2021\/11\/Page-Decouvrir_Couverture_Abbaye-de-Clairefontaine.jpg","type":"image\/jpeg"}],"twitter_card":"summary_large_image","twitter_misc":{"Gesch\u00e4tzte Lesezeit":"1\u00a0Minute"},"schema":{"@context":"https:\/\/schema.org","@graph":[{"@type":"WebPage","@id":"https:\/\/www.paysdarlon.be\/de\/entdecken\/","url":"https:\/\/www.paysdarlon.be\/de\/entdecken\/","name":"Entdecken - Maison du Tourisme du Pays d&#039;Arlon","isPartOf":{"@id":"https:\/\/www.paysdarlon.be\/de\/#website"},"primaryImageOfPage":{"@id":"https:\/\/www.paysdarlon.be\/de\/entdecken\/#primaryimage"},"image":{"@id":"https:\/\/www.paysdarlon.be\/de\/entdecken\/#primaryimage"},"thumbnailUrl":"https:\/\/www.paysdarlon.be\/wp-content\/uploads\/2021\/11\/Page-Decouvrir_Couverture_Abbaye-de-Clairefontaine.jpg","datePublished":"2022-04-01T09:14:45+00:00","dateModified":"2022-04-25T06:06:58+00:00","breadcrumb":{"@id":"https:\/\/www.paysdarlon.be\/de\/entdecken\/#breadcrumb"},"inLanguage":"de","potentialAction":[{"@type":"ReadAction","target":["https:\/\/www.paysdarlon.be\/de\/entdecken\/"]}]},{"@type":"ImageObject","inLanguage":"de","@id":"https:\/\/www.paysdarlon.be\/de\/entdecken\/#primaryimage","url":"https:\/\/www.paysdarlon.be\/wp-content\/uploads\/2021\/11\/Page-Decouvrir_Couverture_Abbaye-de-Clairefontaine.jpg","contentUrl":"https:\/\/www.paysdarlon.be\/wp-content\/uploads\/2021\/11\/Page-Decouvrir_Couverture_Abbaye-de-Clairefontaine.jpg","width":1920,"height":1280,"caption":"M\u00e9lanie Meinbach"},{"@type":"BreadcrumbList","@id":"https:\/\/www.paysdarlon.be\/de\/entdecken\/#breadcrumb","itemListElement":[{"@type":"ListItem","position":1,"name":"Home","item":"https:\/\/www.paysdarlon.be\/de\/"},{"@type":"ListItem","position":2,"name":"Entdecken"}]},{"@type":"WebSite","@id":"https:\/\/www.paysdarlon.be\/de\/#website","url":"https:\/\/www.paysdarlon.be\/de\/","name":"wordpressdev","description":"De l&#039;Ardenne \u00e0 la Lorraine","publisher":{"@id":"https:\/\/www.paysdarlon.be\/de\/#organization"},"potentialAction":[{"@type":"SearchAction","target":{"@type":"EntryPoint","urlTemplate":"https:\/\/www.paysdarlon.be\/de\/?s={search_term_string}"},"query-input":{"@type":"PropertyValueSpecification","valueRequired":true,"valueName":"search_term_string"}}],"inLanguage":"de"},{"@type":"Organization","@id":"https:\/\/www.paysdarlon.be\/de\/#organization","name":"wordpressdev","url":"https:\/\/www.paysdarlon.be\/de\/","logo":{"@type":"ImageObject","inLanguage":"de","@id":"https:\/\/www.paysdarlon.be\/de\/#\/schema\/logo\/image\/","url":"https:\/\/www.paysdarlon.be\/wp-content\/uploads\/2020\/02\/Logo_MTPA_horizontal_sans_slogan-1.png","contentUrl":"https:\/\/www.paysdarlon.be\/wp-content\/uploads\/2020\/02\/Logo_MTPA_horizontal_sans_slogan-1.png","width":500,"height":189,"caption":"wordpressdev"},"image":{"@id":"https:\/\/www.paysdarlon.be\/de\/#\/schema\/logo\/image\/"}}]}},"_links":{"self":[{"href":"https:\/\/www.paysdarlon.be\/de\/wp-json\/wp\/v2\/pages\/5797","targetHints":{"allow":["GET"]}}],"collection":[{"href":"https:\/\/www.paysdarlon.be\/de\/wp-json\/wp\/v2\/pages"}],"about":[{"href":"https:\/\/www.paysdarlon.be\/de\/wp-json\/wp\/v2\/types\/page"}],"author":[{"embeddable":true,"href":"https:\/\/www.paysdarlon.be\/de\/wp-json\/wp\/v2\/users\/2"}],"replies":[{"embeddable":true,"href":"https:\/\/www.paysdarlon.be\/de\/wp-json\/wp\/v2\/comments?post=5797"}],"version-history":[{"count":4,"href":"https:\/\/www.paysdarlon.be\/de\/wp-json\/wp\/v2\/pages\/5797\/revisions"}],"predecessor-version":[{"id":6147,"href":"https:\/\/www.paysdarlon.be\/de\/wp-json\/wp\/v2\/pages\/5797\/revisions\/6147"}],"wp:featuredmedia":[{"embeddable":true,"href":"https:\/\/www.paysdarlon.be\/de\/wp-json\/wp\/v2\/media\/5186"}],"wp:attachment":[{"href":"https:\/\/www.paysdarlon.be\/de\/wp-json\/wp\/v2\/media?parent=5797"}],"wp:term":[{"taxonomy":"category","embeddable":true,"href":"https:\/\/www.paysdarlon.be\/de\/wp-json\/wp\/v2\/categories?post=5797"},{"taxonomy":"post_tag","embeddable":true,"href":"https:\/\/www.paysdarlon.be\/de\/wp-json\/wp\/v2\/tags?post=5797"}],"curies":[{"name":"wp","href":"https:\/\/api.w.org\/{rel}","templated":true}]}}