{"id":5835,"date":"2022-04-01T15:09:10","date_gmt":"2022-04-01T13:09:10","guid":{"rendered":"https:\/\/www.paysdarlon.be\/karten-und-broschueren\/"},"modified":"2025-12-16T13:00:25","modified_gmt":"2025-12-16T12:00:25","slug":"karten-und-broschueren","status":"publish","type":"page","link":"https:\/\/www.paysdarlon.be\/de\/praktisch\/karten-und-broschueren\/","title":{"rendered":"Karten und Brosch\u00fcren"},"content":{"rendered":"\t\t<div data-elementor-type=\"wp-page\" data-elementor-id=\"5835\" class=\"elementor elementor-5835 elementor-5054\" data-elementor-post-type=\"page\">\n\t\t\t\t\t\t<section class=\"elementor-section elementor-top-section elementor-element elementor-element-6405fe8 elementor-section-full_width elementor-section-height-min-height elementor-section-items-bottom elementor-section-height-default\" data-id=\"6405fe8\" data-element_type=\"section\" data-e-type=\"section\" data-settings=\"{&quot;background_background&quot;:&quot;classic&quot;}\">\n\t\t\t\t\t\t\t<div class=\"elementor-background-overlay\"><\/div>\n\t\t\t\t\t\t\t<div class=\"elementor-container elementor-column-gap-default\">\n\t\t\t\t\t<div class=\"elementor-column elementor-col-100 elementor-top-column elementor-element elementor-element-75f9b7ae\" data-id=\"75f9b7ae\" data-element_type=\"column\" data-e-type=\"column\">\n\t\t\t<div class=\"elementor-widget-wrap elementor-element-populated\">\n\t\t\t\t\t\t<div class=\"elementor-element elementor-element-3994e772 elementor-widget elementor-widget-heading\" data-id=\"3994e772\" data-element_type=\"widget\" data-e-type=\"widget\" data-widget_type=\"heading.default\">\n\t\t\t\t<div class=\"elementor-widget-container\">\n\t\t\t\t\t<h1 class=\"elementor-heading-title elementor-size-default\">Karten und Brosch\u00fcren<\/h1>\t\t\t\t<\/div>\n\t\t\t\t<\/div>\n\t\t\t\t\t<\/div>\n\t\t<\/div>\n\t\t\t\t\t<\/div>\n\t\t<\/section>\n\t\t\t\t<section class=\"elementor-section elementor-top-section elementor-element elementor-element-28f95eb2 elementor-section-boxed elementor-section-height-default elementor-section-height-default\" data-id=\"28f95eb2\" data-element_type=\"section\" data-e-type=\"section\">\n\t\t\t\t\t\t<div class=\"elementor-container elementor-column-gap-default\">\n\t\t\t\t\t<div class=\"elementor-column elementor-col-100 elementor-top-column elementor-element elementor-element-55a09ee1\" data-id=\"55a09ee1\" data-element_type=\"column\" data-e-type=\"column\">\n\t\t\t<div class=\"elementor-widget-wrap elementor-element-populated\">\n\t\t\t\t\t\t<div class=\"elementor-element elementor-element-3dc42538 elementor-widget elementor-widget-text-editor\" data-id=\"3dc42538\" data-element_type=\"widget\" data-e-type=\"widget\" data-widget_type=\"text-editor.default\">\n\t\t\t\t<div class=\"elementor-widget-container\">\n\t\t\t\t\t\t\t\t\t<p>Reisef\u00fchrer, Wanderungen, Stadtplan\u2026 Hier finden Sie alle Brosch\u00fcren und n\u00fctzlichen Karten f\u00fcr Ihren Besuch des Areler Landes.<\/p>\n\t\t\t\t\t\t\t\t<\/div>\n\t\t\t\t<\/div>\n\t\t\t\t\t<\/div>\n\t\t<\/div>\n\t\t\t\t\t<\/div>\n\t\t<\/section>\n\t\t\t\t<section class=\"elementor-section elementor-top-section elementor-element elementor-element-f8cd2ef elementor-section-boxed elementor-section-height-default elementor-section-height-default\" data-id=\"f8cd2ef\" data-element_type=\"section\" data-e-type=\"section\">\n\t\t\t\t\t\t<div class=\"elementor-container elementor-column-gap-default\">\n\t\t\t\t\t<div class=\"elementor-column elementor-col-100 elementor-top-column elementor-element elementor-element-e052f09\" data-id=\"e052f09\" data-element_type=\"column\" data-e-type=\"column\">\n\t\t\t<div class=\"elementor-widget-wrap elementor-element-populated\">\n\t\t\t\t\t\t<div class=\"elementor-element elementor-element-07155a9 eael_liquid_glass-effect1 eael_liquid_glass_shadow-effect1 elementor-widget elementor-widget-jet-listing-grid\" data-id=\"07155a9\" data-element_type=\"widget\" data-e-type=\"widget\" data-settings=\"{&quot;columns&quot;:&quot;2&quot;,&quot;columns_tablet&quot;:&quot;2&quot;,&quot;columns_mobile&quot;:&quot;1&quot;}\" data-widget_type=\"jet-listing-grid.default\">\n\t\t\t\t<div class=\"elementor-widget-container\">\n\t\t\t\t\t<div class=\"jet-listing-grid jet-listing-grid--lazy-load jet-listing jet-listing-grid-loading\" data-lazy-load=\"{&quot;offset&quot;:&quot;29px&quot;,&quot;post_id&quot;:5835,&quot;queried_id&quot;:&quot;5835|WP_Post&quot;}\"><div class=\"jet-listing-grid__loader\"><div class=\"jet-listing-grid__loader-spinner\"><\/div><\/div><\/div>\t\t\t\t<\/div>\n\t\t\t\t<\/div>\n\t\t\t\t\t<\/div>\n\t\t<\/div>\n\t\t\t\t\t<\/div>\n\t\t<\/section>\n\t\t\t\t<section class=\"elementor-section elementor-top-section elementor-element elementor-element-55dd3c7 elementor-section-boxed elementor-section-height-default elementor-section-height-default\" data-id=\"55dd3c7\" data-element_type=\"section\" data-e-type=\"section\">\n\t\t\t\t\t\t<div class=\"elementor-container elementor-column-gap-default\">\n\t\t\t\t\t<div class=\"elementor-column elementor-col-100 elementor-top-column elementor-element elementor-element-42d809c\" data-id=\"42d809c\" data-element_type=\"column\" data-e-type=\"column\">\n\t\t\t<div class=\"elementor-widget-wrap\">\n\t\t\t\t\t\t\t<\/div>\n\t\t<\/div>\n\t\t\t\t\t<\/div>\n\t\t<\/section>\n\t\t\t\t<\/div>\n\t\t","protected":false},"excerpt":{"rendered":"<p>Reisef\u00fchrer, Wanderungen, Stadtplan\u2026 Hier finden Sie alle Brosch\u00fcren und n\u00fctzlichen Karten f\u00fcr Ihren Besuch des Areler Landes.<\/p>\n","protected":false},"author":2,"featured_media":8929,"parent":5956,"menu_order":0,"comment_status":"closed","ping_status":"closed","template":"","meta":{"site-sidebar-layout":"no-sidebar","site-content-layout":"page-builder","ast-site-content-layout":"full-width-container","site-content-style":"unboxed","site-sidebar-style":"unboxed","ast-global-header-display":"","ast-banner-title-visibility":"","ast-main-header-display":"","ast-hfb-above-header-display":"","ast-hfb-below-header-display":"","ast-hfb-mobile-header-display":"","site-post-title":"disabled","ast-breadcrumbs-content":"","ast-featured-img":"disabled","footer-sml-layout":"","ast-disable-related-posts":"","theme-transparent-header-meta":"default","adv-header-id-meta":"","stick-header-meta":"","header-above-stick-meta":"","header-main-stick-meta":"","header-below-stick-meta":"","astra-migrate-meta-layouts":"default","ast-page-background-enabled":"default","ast-page-background-meta":{"desktop":{"background-color":"","background-image":"","background-repeat":"repeat","background-position":"center center","background-size":"auto","background-attachment":"scroll","background-type":"","background-media":"","overlay-type":"","overlay-color":"","overlay-opacity":"","overlay-gradient":""},"tablet":{"background-color":"","background-image":"","background-repeat":"repeat","background-position":"center center","background-size":"auto","background-attachment":"scroll","background-type":"","background-media":"","overlay-type":"","overlay-color":"","overlay-opacity":"","overlay-gradient":""},"mobile":{"background-color":"","background-image":"","background-repeat":"repeat","background-position":"center center","background-size":"auto","background-attachment":"scroll","background-type":"","background-media":"","overlay-type":"","overlay-color":"","overlay-opacity":"","overlay-gradient":""}},"ast-content-background-meta":{"desktop":{"background-color":"var(--ast-global-color-5)","background-image":"","background-repeat":"repeat","background-position":"center center","background-size":"auto","background-attachment":"scroll","background-type":"","background-media":"","overlay-type":"","overlay-color":"","overlay-opacity":"","overlay-gradient":""},"tablet":{"background-color":"var(--ast-global-color-5)","background-image":"","background-repeat":"repeat","background-position":"center center","background-size":"auto","background-attachment":"scroll","background-type":"","background-media":"","overlay-type":"","overlay-color":"","overlay-opacity":"","overlay-gradient":""},"mobile":{"background-color":"var(--ast-global-color-5)","background-image":"","background-repeat":"repeat","background-position":"center center","background-size":"auto","background-attachment":"scroll","background-type":"","background-media":"","overlay-type":"","overlay-color":"","overlay-opacity":"","overlay-gradient":""}},"footnotes":""},"categories":[],"tags":[147,146,145,148],"class_list":["post-5835","page","type-page","status-publish","has-post-thumbnail","hentry","tag-broschuren","tag-karten","tag-spaziergange","tag-stadtplan"],"yoast_head":"<!-- This site is optimized with the Yoast SEO plugin v27.4 - https:\/\/yoast.com\/product\/yoast-seo-wordpress\/ -->\n<title>Karten und Brosch\u00fcren - Maison du Tourisme du Pays d&#039;Arlon<\/title>\n<meta name=\"description\" content=\"Laden Sie Reisef\u00fchrer und touristische Karten herunter, um Ihren Aufenthalt im Pays d&#039;Arlon zu organisieren: Spazierg\u00e4nge, Stadtplan und andere praktische Infos.\" \/>\n<meta name=\"robots\" content=\"index, follow, max-snippet:-1, max-image-preview:large, max-video-preview:-1\" \/>\n<link rel=\"canonical\" href=\"https:\/\/www.paysdarlon.be\/de\/praktisch\/karten-und-broschueren\/\" \/>\n<meta property=\"og:locale\" content=\"de_DE\" \/>\n<meta property=\"og:type\" content=\"article\" \/>\n<meta property=\"og:title\" content=\"Karten und Brosch\u00fcren - Maison du Tourisme du Pays d&#039;Arlon\" \/>\n<meta property=\"og:description\" content=\"Laden Sie Reisef\u00fchrer und touristische Karten herunter, um Ihren Aufenthalt im Pays d&#039;Arlon zu organisieren: Spazierg\u00e4nge, Stadtplan und andere praktische Infos.\" \/>\n<meta property=\"og:url\" content=\"https:\/\/www.paysdarlon.be\/de\/praktisch\/karten-und-broschueren\/\" \/>\n<meta property=\"og:site_name\" content=\"Maison du Tourisme du Pays d&#039;Arlon\" \/>\n<meta property=\"article:modified_time\" content=\"2025-12-16T12:00:25+00:00\" \/>\n<meta property=\"og:image\" content=\"https:\/\/www.paysdarlon.be\/wp-content\/uploads\/2025\/03\/couverture-page-brochure-et-cartes-.jpg\" \/>\n\t<meta property=\"og:image:width\" content=\"1500\" \/>\n\t<meta property=\"og:image:height\" content=\"574\" \/>\n\t<meta property=\"og:image:type\" content=\"image\/jpeg\" \/>\n<meta name=\"twitter:card\" content=\"summary_large_image\" \/>\n<script type=\"application\/ld+json\" class=\"yoast-schema-graph\">{\"@context\":\"https:\\\/\\\/schema.org\",\"@graph\":[{\"@type\":\"WebPage\",\"@id\":\"https:\\\/\\\/www.paysdarlon.be\\\/de\\\/praktisch\\\/karten-und-broschueren\\\/\",\"url\":\"https:\\\/\\\/www.paysdarlon.be\\\/de\\\/praktisch\\\/karten-und-broschueren\\\/\",\"name\":\"Karten und Brosch\u00fcren - Maison du Tourisme du Pays d&#039;Arlon\",\"isPartOf\":{\"@id\":\"https:\\\/\\\/www.paysdarlon.be\\\/de\\\/#website\"},\"primaryImageOfPage\":{\"@id\":\"https:\\\/\\\/www.paysdarlon.be\\\/de\\\/praktisch\\\/karten-und-broschueren\\\/#primaryimage\"},\"image\":{\"@id\":\"https:\\\/\\\/www.paysdarlon.be\\\/de\\\/praktisch\\\/karten-und-broschueren\\\/#primaryimage\"},\"thumbnailUrl\":\"https:\\\/\\\/www.paysdarlon.be\\\/wp-content\\\/uploads\\\/2025\\\/03\\\/couverture-page-brochure-et-cartes-.jpg\",\"datePublished\":\"2022-04-01T13:09:10+00:00\",\"dateModified\":\"2025-12-16T12:00:25+00:00\",\"description\":\"Laden Sie Reisef\u00fchrer und touristische Karten herunter, um Ihren Aufenthalt im Pays d'Arlon zu organisieren: Spazierg\u00e4nge, Stadtplan und andere praktische Infos.\",\"breadcrumb\":{\"@id\":\"https:\\\/\\\/www.paysdarlon.be\\\/de\\\/praktisch\\\/karten-und-broschueren\\\/#breadcrumb\"},\"inLanguage\":\"de\",\"potentialAction\":[{\"@type\":\"ReadAction\",\"target\":[\"https:\\\/\\\/www.paysdarlon.be\\\/de\\\/praktisch\\\/karten-und-broschueren\\\/\"]}]},{\"@type\":\"ImageObject\",\"inLanguage\":\"de\",\"@id\":\"https:\\\/\\\/www.paysdarlon.be\\\/de\\\/praktisch\\\/karten-und-broschueren\\\/#primaryimage\",\"url\":\"https:\\\/\\\/www.paysdarlon.be\\\/wp-content\\\/uploads\\\/2025\\\/03\\\/couverture-page-brochure-et-cartes-.jpg\",\"contentUrl\":\"https:\\\/\\\/www.paysdarlon.be\\\/wp-content\\\/uploads\\\/2025\\\/03\\\/couverture-page-brochure-et-cartes-.jpg\",\"width\":1500,\"height\":574,\"caption\":\"photo d'illustration repr\u00e9sentant le guide touristique\"},{\"@type\":\"BreadcrumbList\",\"@id\":\"https:\\\/\\\/www.paysdarlon.be\\\/de\\\/praktisch\\\/karten-und-broschueren\\\/#breadcrumb\",\"itemListElement\":[{\"@type\":\"ListItem\",\"position\":1,\"name\":\"Home\",\"item\":\"https:\\\/\\\/www.paysdarlon.be\\\/de\\\/\"},{\"@type\":\"ListItem\",\"position\":2,\"name\":\"Praktisch\",\"item\":\"https:\\\/\\\/www.paysdarlon.be\\\/de\\\/pratique\\\/\"},{\"@type\":\"ListItem\",\"position\":3,\"name\":\"Karten und Brosch\u00fcren\"}]},{\"@type\":\"WebSite\",\"@id\":\"https:\\\/\\\/www.paysdarlon.be\\\/de\\\/#website\",\"url\":\"https:\\\/\\\/www.paysdarlon.be\\\/de\\\/\",\"name\":\"wordpressdev\",\"description\":\"De l&#039;Ardenne \u00e0 la Lorraine\",\"publisher\":{\"@id\":\"https:\\\/\\\/www.paysdarlon.be\\\/de\\\/#organization\"},\"potentialAction\":[{\"@type\":\"SearchAction\",\"target\":{\"@type\":\"EntryPoint\",\"urlTemplate\":\"https:\\\/\\\/www.paysdarlon.be\\\/de\\\/?s={search_term_string}\"},\"query-input\":{\"@type\":\"PropertyValueSpecification\",\"valueRequired\":true,\"valueName\":\"search_term_string\"}}],\"inLanguage\":\"de\"},{\"@type\":\"Organization\",\"@id\":\"https:\\\/\\\/www.paysdarlon.be\\\/de\\\/#organization\",\"name\":\"wordpressdev\",\"url\":\"https:\\\/\\\/www.paysdarlon.be\\\/de\\\/\",\"logo\":{\"@type\":\"ImageObject\",\"inLanguage\":\"de\",\"@id\":\"https:\\\/\\\/www.paysdarlon.be\\\/de\\\/#\\\/schema\\\/logo\\\/image\\\/\",\"url\":\"https:\\\/\\\/www.paysdarlon.be\\\/wp-content\\\/uploads\\\/2020\\\/02\\\/Logo_MTPA_horizontal_sans_slogan-1.png\",\"contentUrl\":\"https:\\\/\\\/www.paysdarlon.be\\\/wp-content\\\/uploads\\\/2020\\\/02\\\/Logo_MTPA_horizontal_sans_slogan-1.png\",\"width\":500,\"height\":189,\"caption\":\"wordpressdev\"},\"image\":{\"@id\":\"https:\\\/\\\/www.paysdarlon.be\\\/de\\\/#\\\/schema\\\/logo\\\/image\\\/\"}}]}<\/script>\n<!-- \/ Yoast SEO plugin. -->","yoast_head_json":{"title":"Karten und Brosch\u00fcren - Maison du Tourisme du Pays d&#039;Arlon","description":"Laden Sie Reisef\u00fchrer und touristische Karten herunter, um Ihren Aufenthalt im Pays d'Arlon zu organisieren: Spazierg\u00e4nge, Stadtplan und andere praktische Infos.","robots":{"index":"index","follow":"follow","max-snippet":"max-snippet:-1","max-image-preview":"max-image-preview:large","max-video-preview":"max-video-preview:-1"},"canonical":"https:\/\/www.paysdarlon.be\/de\/praktisch\/karten-und-broschueren\/","og_locale":"de_DE","og_type":"article","og_title":"Karten und Brosch\u00fcren - Maison du Tourisme du Pays d&#039;Arlon","og_description":"Laden Sie Reisef\u00fchrer und touristische Karten herunter, um Ihren Aufenthalt im Pays d'Arlon zu organisieren: Spazierg\u00e4nge, Stadtplan und andere praktische Infos.","og_url":"https:\/\/www.paysdarlon.be\/de\/praktisch\/karten-und-broschueren\/","og_site_name":"Maison du Tourisme du Pays d&#039;Arlon","article_modified_time":"2025-12-16T12:00:25+00:00","og_image":[{"width":1500,"height":574,"url":"https:\/\/www.paysdarlon.be\/wp-content\/uploads\/2025\/03\/couverture-page-brochure-et-cartes-.jpg","type":"image\/jpeg"}],"twitter_card":"summary_large_image","schema":{"@context":"https:\/\/schema.org","@graph":[{"@type":"WebPage","@id":"https:\/\/www.paysdarlon.be\/de\/praktisch\/karten-und-broschueren\/","url":"https:\/\/www.paysdarlon.be\/de\/praktisch\/karten-und-broschueren\/","name":"Karten und Brosch\u00fcren - Maison du Tourisme du Pays d&#039;Arlon","isPartOf":{"@id":"https:\/\/www.paysdarlon.be\/de\/#website"},"primaryImageOfPage":{"@id":"https:\/\/www.paysdarlon.be\/de\/praktisch\/karten-und-broschueren\/#primaryimage"},"image":{"@id":"https:\/\/www.paysdarlon.be\/de\/praktisch\/karten-und-broschueren\/#primaryimage"},"thumbnailUrl":"https:\/\/www.paysdarlon.be\/wp-content\/uploads\/2025\/03\/couverture-page-brochure-et-cartes-.jpg","datePublished":"2022-04-01T13:09:10+00:00","dateModified":"2025-12-16T12:00:25+00:00","description":"Laden Sie Reisef\u00fchrer und touristische Karten herunter, um Ihren Aufenthalt im Pays d'Arlon zu organisieren: Spazierg\u00e4nge, Stadtplan und andere praktische Infos.","breadcrumb":{"@id":"https:\/\/www.paysdarlon.be\/de\/praktisch\/karten-und-broschueren\/#breadcrumb"},"inLanguage":"de","potentialAction":[{"@type":"ReadAction","target":["https:\/\/www.paysdarlon.be\/de\/praktisch\/karten-und-broschueren\/"]}]},{"@type":"ImageObject","inLanguage":"de","@id":"https:\/\/www.paysdarlon.be\/de\/praktisch\/karten-und-broschueren\/#primaryimage","url":"https:\/\/www.paysdarlon.be\/wp-content\/uploads\/2025\/03\/couverture-page-brochure-et-cartes-.jpg","contentUrl":"https:\/\/www.paysdarlon.be\/wp-content\/uploads\/2025\/03\/couverture-page-brochure-et-cartes-.jpg","width":1500,"height":574,"caption":"photo d'illustration repr\u00e9sentant le guide touristique"},{"@type":"BreadcrumbList","@id":"https:\/\/www.paysdarlon.be\/de\/praktisch\/karten-und-broschueren\/#breadcrumb","itemListElement":[{"@type":"ListItem","position":1,"name":"Home","item":"https:\/\/www.paysdarlon.be\/de\/"},{"@type":"ListItem","position":2,"name":"Praktisch","item":"https:\/\/www.paysdarlon.be\/de\/pratique\/"},{"@type":"ListItem","position":3,"name":"Karten und Brosch\u00fcren"}]},{"@type":"WebSite","@id":"https:\/\/www.paysdarlon.be\/de\/#website","url":"https:\/\/www.paysdarlon.be\/de\/","name":"wordpressdev","description":"De l&#039;Ardenne \u00e0 la Lorraine","publisher":{"@id":"https:\/\/www.paysdarlon.be\/de\/#organization"},"potentialAction":[{"@type":"SearchAction","target":{"@type":"EntryPoint","urlTemplate":"https:\/\/www.paysdarlon.be\/de\/?s={search_term_string}"},"query-input":{"@type":"PropertyValueSpecification","valueRequired":true,"valueName":"search_term_string"}}],"inLanguage":"de"},{"@type":"Organization","@id":"https:\/\/www.paysdarlon.be\/de\/#organization","name":"wordpressdev","url":"https:\/\/www.paysdarlon.be\/de\/","logo":{"@type":"ImageObject","inLanguage":"de","@id":"https:\/\/www.paysdarlon.be\/de\/#\/schema\/logo\/image\/","url":"https:\/\/www.paysdarlon.be\/wp-content\/uploads\/2020\/02\/Logo_MTPA_horizontal_sans_slogan-1.png","contentUrl":"https:\/\/www.paysdarlon.be\/wp-content\/uploads\/2020\/02\/Logo_MTPA_horizontal_sans_slogan-1.png","width":500,"height":189,"caption":"wordpressdev"},"image":{"@id":"https:\/\/www.paysdarlon.be\/de\/#\/schema\/logo\/image\/"}}]}},"_links":{"self":[{"href":"https:\/\/www.paysdarlon.be\/de\/wp-json\/wp\/v2\/pages\/5835","targetHints":{"allow":["GET"]}}],"collection":[{"href":"https:\/\/www.paysdarlon.be\/de\/wp-json\/wp\/v2\/pages"}],"about":[{"href":"https:\/\/www.paysdarlon.be\/de\/wp-json\/wp\/v2\/types\/page"}],"author":[{"embeddable":true,"href":"https:\/\/www.paysdarlon.be\/de\/wp-json\/wp\/v2\/users\/2"}],"replies":[{"embeddable":true,"href":"https:\/\/www.paysdarlon.be\/de\/wp-json\/wp\/v2\/comments?post=5835"}],"version-history":[{"count":5,"href":"https:\/\/www.paysdarlon.be\/de\/wp-json\/wp\/v2\/pages\/5835\/revisions"}],"predecessor-version":[{"id":10149,"href":"https:\/\/www.paysdarlon.be\/de\/wp-json\/wp\/v2\/pages\/5835\/revisions\/10149"}],"up":[{"embeddable":true,"href":"https:\/\/www.paysdarlon.be\/de\/wp-json\/wp\/v2\/pages\/5956"}],"wp:featuredmedia":[{"embeddable":true,"href":"https:\/\/www.paysdarlon.be\/de\/wp-json\/wp\/v2\/media\/8929"}],"wp:attachment":[{"href":"https:\/\/www.paysdarlon.be\/de\/wp-json\/wp\/v2\/media?parent=5835"}],"wp:term":[{"taxonomy":"category","embeddable":true,"href":"https:\/\/www.paysdarlon.be\/de\/wp-json\/wp\/v2\/categories?post=5835"},{"taxonomy":"post_tag","embeddable":true,"href":"https:\/\/www.paysdarlon.be\/de\/wp-json\/wp\/v2\/tags?post=5835"}],"curies":[{"name":"wp","href":"https:\/\/api.w.org\/{rel}","templated":true}]}}