{"id":5848,"date":"2022-04-04T15:51:20","date_gmt":"2022-04-04T13:51:20","guid":{"rendered":"https:\/\/www.paysdarlon.be\/programme\/"},"modified":"2025-03-18T15:09:42","modified_gmt":"2025-03-18T14:09:42","slug":"programme","status":"publish","type":"page","link":"https:\/\/www.paysdarlon.be\/en\/programme\/","title":{"rendered":"Programme"},"content":{"rendered":"\t\t<div data-elementor-type=\"wp-page\" data-elementor-id=\"5848\" class=\"elementor elementor-5848 elementor-4872\" data-elementor-post-type=\"page\">\n\t\t\t\t\t\t<section class=\"elementor-section elementor-top-section elementor-element elementor-element-2b3aa1d5 elementor-section-full_width elementor-section-height-min-height elementor-section-items-bottom elementor-section-height-default\" data-id=\"2b3aa1d5\" data-element_type=\"section\" data-e-type=\"section\" data-settings=\"{&quot;background_background&quot;:&quot;classic&quot;}\">\n\t\t\t\t\t\t\t<div class=\"elementor-background-overlay\"><\/div>\n\t\t\t\t\t\t\t<div class=\"elementor-container elementor-column-gap-default\">\n\t\t\t\t\t<div class=\"elementor-column elementor-col-100 elementor-top-column elementor-element elementor-element-7686b8cd\" data-id=\"7686b8cd\" data-element_type=\"column\" data-e-type=\"column\">\n\t\t\t<div class=\"elementor-widget-wrap elementor-element-populated\">\n\t\t\t\t\t\t<div class=\"elementor-element elementor-element-6c5af722 elementor-widget elementor-widget-heading\" data-id=\"6c5af722\" data-element_type=\"widget\" data-e-type=\"widget\" data-widget_type=\"heading.default\">\n\t\t\t\t<div class=\"elementor-widget-container\">\n\t\t\t\t\t<h1 class=\"elementor-heading-title elementor-size-default\">Programme<\/h1>\t\t\t\t<\/div>\n\t\t\t\t<\/div>\n\t\t\t\t\t<\/div>\n\t\t<\/div>\n\t\t\t\t\t<\/div>\n\t\t<\/section>\n\t\t\t\t<section class=\"elementor-section elementor-top-section elementor-element elementor-element-4fc59ea8 elementor-section-boxed elementor-section-height-default elementor-section-height-default\" data-id=\"4fc59ea8\" data-element_type=\"section\" data-e-type=\"section\">\n\t\t\t\t\t\t<div class=\"elementor-container elementor-column-gap-default\">\n\t\t\t\t\t<div class=\"elementor-column elementor-col-100 elementor-top-column elementor-element elementor-element-122c5a8a\" data-id=\"122c5a8a\" data-element_type=\"column\" data-e-type=\"column\">\n\t\t\t<div class=\"elementor-widget-wrap elementor-element-populated\">\n\t\t\t\t\t\t<div class=\"elementor-element elementor-element-2ca0b2a0 elementor-widget elementor-widget-text-editor\" data-id=\"2ca0b2a0\" data-element_type=\"widget\" data-e-type=\"widget\" data-widget_type=\"text-editor.default\">\n\t\t\t\t<div class=\"elementor-widget-container\">\n\t\t\t\t\t\t\t\t\t<p>The Land of Arlon is famous for its folklore and its cultural dynamism. Come and experience unforgettable moments at one of the many events that take place here every year.<\/p>\n<p>The Maitrank festival, the Arlon carnival, the Gallo-Roman weekend, Tontegrange, the Donkey Rock Festival and the apple festival, Tout Rachecourt dans les pommes, are among the unmissable events.<\/p>\n\t\t\t\t\t\t\t\t<\/div>\n\t\t\t\t<\/div>\n\t\t\t\t\t<\/div>\n\t\t<\/div>\n\t\t\t\t\t<\/div>\n\t\t<\/section>\n\t\t\t\t<section class=\"elementor-section elementor-top-section elementor-element elementor-element-7a32daa5 elementor-section-boxed elementor-section-height-default elementor-section-height-default\" data-id=\"7a32daa5\" data-element_type=\"section\" data-e-type=\"section\">\n\t\t\t\t\t\t<div class=\"elementor-container elementor-column-gap-default\">\n\t\t\t\t\t<div class=\"elementor-column elementor-col-33 elementor-top-column elementor-element elementor-element-41a20e1e\" data-id=\"41a20e1e\" data-element_type=\"column\" data-e-type=\"column\">\n\t\t\t<div class=\"elementor-widget-wrap elementor-element-populated\">\n\t\t\t\t\t\t<div class=\"elementor-element elementor-element-7459161 elementor-cta--skin-cover elementor-cta--valign-middle elementor-widget elementor-widget-call-to-action\" data-id=\"7459161\" data-element_type=\"widget\" data-e-type=\"widget\" data-widget_type=\"call-to-action.default\">\n\t\t\t\t<div class=\"elementor-widget-container\">\n\t\t\t\t\t\t\t<div class=\"elementor-cta\">\n\t\t\t\t\t<div class=\"elementor-cta__bg-wrapper\">\n\t\t\t\t<div class=\"elementor-cta__bg elementor-bg\" style=\"background-image: url(https:\/\/www.paysdarlon.be\/wp-content\/uploads\/2022\/05\/Page-Agenda_Vignette-Evenements-incontournables_Tontegrange-768x511.jpg);\" role=\"img\" aria-label=\"Tontegrange\"><\/div>\n\t\t\t\t<div class=\"elementor-cta__bg-overlay\"><\/div>\n\t\t\t<\/div>\n\t\t\t\t\t\t\t<div class=\"elementor-cta__content\">\n\t\t\t\t\n\t\t\t\t\n\t\t\t\t\n\t\t\t\t\t\t\t\t\t<div class=\"elementor-cta__button-wrapper elementor-cta__content-item elementor-content-item \">\n\t\t\t\t\t<a class=\"elementor-cta__button elementor-button elementor-size-md\" href=\"https:\/\/www.paysdarlon.be\/en\/programme\/unmissable-events\/\">\n\t\t\t\t\t\tUnmissable events\t\t\t\t\t<\/a>\n\t\t\t\t\t<\/div>\n\t\t\t\t\t\t\t<\/div>\n\t\t\t\t\t\t<\/div>\n\t\t\t\t\t\t<\/div>\n\t\t\t\t<\/div>\n\t\t\t\t\t<\/div>\n\t\t<\/div>\n\t\t\t\t<div class=\"elementor-column elementor-col-33 elementor-top-column elementor-element elementor-element-4882b465\" data-id=\"4882b465\" data-element_type=\"column\" data-e-type=\"column\">\n\t\t\t<div class=\"elementor-widget-wrap elementor-element-populated\">\n\t\t\t\t\t\t<div class=\"elementor-element elementor-element-2b328c20 elementor-cta--skin-cover elementor-cta--valign-middle elementor-widget elementor-widget-call-to-action\" data-id=\"2b328c20\" data-element_type=\"widget\" data-e-type=\"widget\" data-widget_type=\"call-to-action.default\">\n\t\t\t\t<div class=\"elementor-widget-container\">\n\t\t\t\t\t\t\t<div class=\"elementor-cta\">\n\t\t\t\t\t<div class=\"elementor-cta__bg-wrapper\">\n\t\t\t\t<div class=\"elementor-cta__bg elementor-bg\" style=\"background-image: url(https:\/\/www.paysdarlon.be\/wp-content\/uploads\/2021\/11\/Page-Agenda_Encart-Tout-lagenda_Carnaval-FTLB-768x500.jpg);\" role=\"img\" aria-label=\"Groupe de musiciens d\u00e9guis\u00e9s d\u00e9filant lors du Carnaval d\u2019Arlon\"><\/div>\n\t\t\t\t<div class=\"elementor-cta__bg-overlay\"><\/div>\n\t\t\t<\/div>\n\t\t\t\t\t\t\t<div class=\"elementor-cta__content\">\n\t\t\t\t\n\t\t\t\t\n\t\t\t\t\n\t\t\t\t\t\t\t\t\t<div class=\"elementor-cta__button-wrapper elementor-cta__content-item elementor-content-item \">\n\t\t\t\t\t<a class=\"elementor-cta__button elementor-button elementor-size-md\" href=\"\/en\/agenda\/agenda-complet\">\n\t\t\t\t\t\tThe whole programme\t\t\t\t\t<\/a>\n\t\t\t\t\t<\/div>\n\t\t\t\t\t\t\t<\/div>\n\t\t\t\t\t\t<\/div>\n\t\t\t\t\t\t<\/div>\n\t\t\t\t<\/div>\n\t\t\t\t\t<\/div>\n\t\t<\/div>\n\t\t\t\t<div class=\"elementor-column elementor-col-33 elementor-top-column elementor-element elementor-element-42129d11\" data-id=\"42129d11\" data-element_type=\"column\" data-e-type=\"column\">\n\t\t\t<div class=\"elementor-widget-wrap elementor-element-populated\">\n\t\t\t\t\t\t<div class=\"elementor-element elementor-element-6ca9e999 elementor-cta--skin-cover elementor-cta--valign-middle elementor-widget elementor-widget-call-to-action\" data-id=\"6ca9e999\" data-element_type=\"widget\" data-e-type=\"widget\" data-widget_type=\"call-to-action.default\">\n\t\t\t\t<div class=\"elementor-widget-container\">\n\t\t\t\t\t\t\t<div class=\"elementor-cta\">\n\t\t\t\t\t<div class=\"elementor-cta__bg-wrapper\">\n\t\t\t\t<div class=\"elementor-cta__bg elementor-bg\" style=\"background-image: url(https:\/\/www.paysdarlon.be\/wp-content\/uploads\/2021\/11\/Page-Agenda_Encart-Brocante_VPeuckert-768x1024.jpg);\" role=\"img\" aria-label=\"Objets anciens de brocante avec moulins \u00e0 caf\u00e9 sur une valise, Belv\u00e9d\u00e8re de Saint-Donat en arri\u00e8re-plan\"><\/div>\n\t\t\t\t<div class=\"elementor-cta__bg-overlay\"><\/div>\n\t\t\t<\/div>\n\t\t\t\t\t\t\t<div class=\"elementor-cta__content\">\n\t\t\t\t\n\t\t\t\t\n\t\t\t\t\n\t\t\t\t\t\t\t\t\t<div class=\"elementor-cta__button-wrapper elementor-cta__content-item elementor-content-item \">\n\t\t\t\t\t<a class=\"elementor-cta__button elementor-button elementor-size-md\" href=\"https:\/\/www.paysdarlon.be\/en\/programme\/markets-and-second-hand-markets\/\">\n\t\t\t\t\t\tMarkets and second-hand markets\t\t\t\t\t<\/a>\n\t\t\t\t\t<\/div>\n\t\t\t\t\t\t\t<\/div>\n\t\t\t\t\t\t<\/div>\n\t\t\t\t\t\t<\/div>\n\t\t\t\t<\/div>\n\t\t\t\t\t<\/div>\n\t\t<\/div>\n\t\t\t\t\t<\/div>\n\t\t<\/section>\n\t\t\t\t<section class=\"elementor-section elementor-top-section elementor-element elementor-element-e2f8f37 elementor-section-boxed elementor-section-height-default elementor-section-height-default\" data-id=\"e2f8f37\" data-element_type=\"section\" data-e-type=\"section\">\n\t\t\t\t\t\t<div class=\"elementor-container elementor-column-gap-default\">\n\t\t\t\t\t<div class=\"elementor-column elementor-col-100 elementor-top-column elementor-element elementor-element-da380c5\" data-id=\"da380c5\" data-element_type=\"column\" data-e-type=\"column\">\n\t\t\t<div class=\"elementor-widget-wrap elementor-element-populated\">\n\t\t\t\t\t\t<div class=\"elementor-element elementor-element-f6c7446 elementor-widget elementor-widget-text-editor\" data-id=\"f6c7446\" data-element_type=\"widget\" data-e-type=\"widget\" data-widget_type=\"text-editor.default\">\n\t\t\t\t<div class=\"elementor-widget-container\">\n\t\t\t\t\t\t\t\t\t<p>&nbsp;<\/p>\n\t\t\t\t\t\t\t\t<\/div>\n\t\t\t\t<\/div>\n\t\t\t\t\t<\/div>\n\t\t<\/div>\n\t\t\t\t\t<\/div>\n\t\t<\/section>\n\t\t\t\t<\/div>\n\t\t","protected":false},"excerpt":{"rendered":"<p>The Land of Arlon is famous for its folklore and its cultural dynamism. Come and experience unforgettable moments at one of the many events that take place here every year. The Maitrank festival, the Arlon carnival, the Gallo-Roman weekend, Tontegrange, the Donkey Rock Festival and the apple festival, Tout Rachecourt dans les pommes, are among [&hellip;]<\/p>\n","protected":false},"author":2,"featured_media":8857,"parent":0,"menu_order":0,"comment_status":"closed","ping_status":"closed","template":"","meta":{"site-sidebar-layout":"no-sidebar","site-content-layout":"page-builder","ast-site-content-layout":"full-width-container","site-content-style":"unboxed","site-sidebar-style":"unboxed","ast-global-header-display":"","ast-banner-title-visibility":"","ast-main-header-display":"","ast-hfb-above-header-display":"","ast-hfb-below-header-display":"","ast-hfb-mobile-header-display":"","site-post-title":"disabled","ast-breadcrumbs-content":"","ast-featured-img":"disabled","footer-sml-layout":"","ast-disable-related-posts":"","theme-transparent-header-meta":"default","adv-header-id-meta":"","stick-header-meta":"","header-above-stick-meta":"","header-main-stick-meta":"","header-below-stick-meta":"","astra-migrate-meta-layouts":"default","ast-page-background-enabled":"default","ast-page-background-meta":{"desktop":{"background-color":"","background-image":"","background-repeat":"repeat","background-position":"center center","background-size":"auto","background-attachment":"scroll","background-type":"","background-media":"","overlay-type":"","overlay-color":"","overlay-opacity":"","overlay-gradient":""},"tablet":{"background-color":"","background-image":"","background-repeat":"repeat","background-position":"center center","background-size":"auto","background-attachment":"scroll","background-type":"","background-media":"","overlay-type":"","overlay-color":"","overlay-opacity":"","overlay-gradient":""},"mobile":{"background-color":"","background-image":"","background-repeat":"repeat","background-position":"center center","background-size":"auto","background-attachment":"scroll","background-type":"","background-media":"","overlay-type":"","overlay-color":"","overlay-opacity":"","overlay-gradient":""}},"ast-content-background-meta":{"desktop":{"background-color":"var(--ast-global-color-5)","background-image":"","background-repeat":"repeat","background-position":"center center","background-size":"auto","background-attachment":"scroll","background-type":"","background-media":"","overlay-type":"","overlay-color":"","overlay-opacity":"","overlay-gradient":""},"tablet":{"background-color":"var(--ast-global-color-5)","background-image":"","background-repeat":"repeat","background-position":"center center","background-size":"auto","background-attachment":"scroll","background-type":"","background-media":"","overlay-type":"","overlay-color":"","overlay-opacity":"","overlay-gradient":""},"mobile":{"background-color":"var(--ast-global-color-5)","background-image":"","background-repeat":"repeat","background-position":"center center","background-size":"auto","background-attachment":"scroll","background-type":"","background-media":"","overlay-type":"","overlay-color":"","overlay-opacity":"","overlay-gradient":""}},"footnotes":""},"categories":[],"tags":[],"class_list":["post-5848","page","type-page","status-publish","has-post-thumbnail","hentry"],"yoast_head":"<!-- This site is optimized with the Yoast SEO plugin v27.1.1 - https:\/\/yoast.com\/product\/yoast-seo-wordpress\/ -->\n<title>Programme - Maison du Tourisme du Pays d&#039;Arlon<\/title>\n<meta name=\"description\" content=\"Folklore and festivals in the Land of Arlon: Maitrank, carnival\u2026 Experience unforgettable events all year round!\" \/>\n<meta name=\"robots\" content=\"index, follow, max-snippet:-1, max-image-preview:large, max-video-preview:-1\" \/>\n<link rel=\"canonical\" href=\"https:\/\/www.paysdarlon.be\/en\/programme\/\" \/>\n<meta property=\"og:locale\" content=\"en_US\" \/>\n<meta property=\"og:type\" content=\"article\" \/>\n<meta property=\"og:title\" content=\"Programme - Maison du Tourisme du Pays d&#039;Arlon\" \/>\n<meta property=\"og:description\" content=\"Folklore and festivals in the Land of Arlon: Maitrank, carnival\u2026 Experience unforgettable events all year round!\" \/>\n<meta property=\"og:url\" content=\"https:\/\/www.paysdarlon.be\/en\/programme\/\" \/>\n<meta property=\"og:site_name\" content=\"Maison du Tourisme du Pays d&#039;Arlon\" \/>\n<meta property=\"article:modified_time\" content=\"2025-03-18T14:09:42+00:00\" \/>\n<meta property=\"og:image\" content=\"https:\/\/www.paysdarlon.be\/wp-content\/uploads\/2025\/03\/Marche_Jeudi_Arlon-\u00a9-Maison-du-Tourisme-du-Pays-dArlon-2-1920-1280.jpg\" \/>\n\t<meta property=\"og:image:width\" content=\"1920\" \/>\n\t<meta property=\"og:image:height\" content=\"1280\" \/>\n\t<meta property=\"og:image:type\" content=\"image\/jpeg\" \/>\n<meta name=\"twitter:card\" content=\"summary_large_image\" \/>\n<script type=\"application\/ld+json\" class=\"yoast-schema-graph\">{\"@context\":\"https:\/\/schema.org\",\"@graph\":[{\"@type\":\"WebPage\",\"@id\":\"https:\/\/www.paysdarlon.be\/en\/programme\/\",\"url\":\"https:\/\/www.paysdarlon.be\/en\/programme\/\",\"name\":\"Programme - Maison du Tourisme du Pays d&#039;Arlon\",\"isPartOf\":{\"@id\":\"https:\/\/www.paysdarlon.be\/en\/#website\"},\"primaryImageOfPage\":{\"@id\":\"https:\/\/www.paysdarlon.be\/en\/programme\/#primaryimage\"},\"image\":{\"@id\":\"https:\/\/www.paysdarlon.be\/en\/programme\/#primaryimage\"},\"thumbnailUrl\":\"https:\/\/www.paysdarlon.be\/wp-content\/uploads\/2025\/03\/Marche_Jeudi_Arlon-\u00a9-Maison-du-Tourisme-du-Pays-dArlon-2-1920-1280.jpg\",\"datePublished\":\"2022-04-04T13:51:20+00:00\",\"dateModified\":\"2025-03-18T14:09:42+00:00\",\"description\":\"Folklore and festivals in the Land of Arlon: Maitrank, carnival\u2026 Experience unforgettable events all year round!\",\"breadcrumb\":{\"@id\":\"https:\/\/www.paysdarlon.be\/en\/programme\/#breadcrumb\"},\"inLanguage\":\"en-US\",\"potentialAction\":[{\"@type\":\"ReadAction\",\"target\":[\"https:\/\/www.paysdarlon.be\/en\/programme\/\"]}]},{\"@type\":\"ImageObject\",\"inLanguage\":\"en-US\",\"@id\":\"https:\/\/www.paysdarlon.be\/en\/programme\/#primaryimage\",\"url\":\"https:\/\/www.paysdarlon.be\/wp-content\/uploads\/2025\/03\/Marche_Jeudi_Arlon-\u00a9-Maison-du-Tourisme-du-Pays-dArlon-2-1920-1280.jpg\",\"contentUrl\":\"https:\/\/www.paysdarlon.be\/wp-content\/uploads\/2025\/03\/Marche_Jeudi_Arlon-\u00a9-Maison-du-Tourisme-du-Pays-dArlon-2-1920-1280.jpg\",\"width\":1920,\"height\":1280,\"caption\":\"March\u00e9 hebdomadaire d'Arlon\"},{\"@type\":\"BreadcrumbList\",\"@id\":\"https:\/\/www.paysdarlon.be\/en\/programme\/#breadcrumb\",\"itemListElement\":[{\"@type\":\"ListItem\",\"position\":1,\"name\":\"Home\",\"item\":\"https:\/\/www.paysdarlon.be\/en\/\"},{\"@type\":\"ListItem\",\"position\":2,\"name\":\"Programme\"}]},{\"@type\":\"WebSite\",\"@id\":\"https:\/\/www.paysdarlon.be\/en\/#website\",\"url\":\"https:\/\/www.paysdarlon.be\/en\/\",\"name\":\"wordpressdev\",\"description\":\"De l&#039;Ardenne \u00e0 la Lorraine\",\"publisher\":{\"@id\":\"https:\/\/www.paysdarlon.be\/en\/#organization\"},\"potentialAction\":[{\"@type\":\"SearchAction\",\"target\":{\"@type\":\"EntryPoint\",\"urlTemplate\":\"https:\/\/www.paysdarlon.be\/en\/?s={search_term_string}\"},\"query-input\":{\"@type\":\"PropertyValueSpecification\",\"valueRequired\":true,\"valueName\":\"search_term_string\"}}],\"inLanguage\":\"en-US\"},{\"@type\":\"Organization\",\"@id\":\"https:\/\/www.paysdarlon.be\/en\/#organization\",\"name\":\"wordpressdev\",\"url\":\"https:\/\/www.paysdarlon.be\/en\/\",\"logo\":{\"@type\":\"ImageObject\",\"inLanguage\":\"en-US\",\"@id\":\"https:\/\/www.paysdarlon.be\/en\/#\/schema\/logo\/image\/\",\"url\":\"https:\/\/www.paysdarlon.be\/wp-content\/uploads\/2020\/02\/Logo_MTPA_horizontal_sans_slogan-1.png\",\"contentUrl\":\"https:\/\/www.paysdarlon.be\/wp-content\/uploads\/2020\/02\/Logo_MTPA_horizontal_sans_slogan-1.png\",\"width\":500,\"height\":189,\"caption\":\"wordpressdev\"},\"image\":{\"@id\":\"https:\/\/www.paysdarlon.be\/en\/#\/schema\/logo\/image\/\"}}]}<\/script>\n<!-- \/ Yoast SEO plugin. -->","yoast_head_json":{"title":"Programme - Maison du Tourisme du Pays d&#039;Arlon","description":"Folklore and festivals in the Land of Arlon: Maitrank, carnival\u2026 Experience unforgettable events all year round!","robots":{"index":"index","follow":"follow","max-snippet":"max-snippet:-1","max-image-preview":"max-image-preview:large","max-video-preview":"max-video-preview:-1"},"canonical":"https:\/\/www.paysdarlon.be\/en\/programme\/","og_locale":"en_US","og_type":"article","og_title":"Programme - Maison du Tourisme du Pays d&#039;Arlon","og_description":"Folklore and festivals in the Land of Arlon: Maitrank, carnival\u2026 Experience unforgettable events all year round!","og_url":"https:\/\/www.paysdarlon.be\/en\/programme\/","og_site_name":"Maison du Tourisme du Pays d&#039;Arlon","article_modified_time":"2025-03-18T14:09:42+00:00","og_image":[{"width":1920,"height":1280,"url":"https:\/\/www.paysdarlon.be\/wp-content\/uploads\/2025\/03\/Marche_Jeudi_Arlon-\u00a9-Maison-du-Tourisme-du-Pays-dArlon-2-1920-1280.jpg","type":"image\/jpeg"}],"twitter_card":"summary_large_image","schema":{"@context":"https:\/\/schema.org","@graph":[{"@type":"WebPage","@id":"https:\/\/www.paysdarlon.be\/en\/programme\/","url":"https:\/\/www.paysdarlon.be\/en\/programme\/","name":"Programme - Maison du Tourisme du Pays d&#039;Arlon","isPartOf":{"@id":"https:\/\/www.paysdarlon.be\/en\/#website"},"primaryImageOfPage":{"@id":"https:\/\/www.paysdarlon.be\/en\/programme\/#primaryimage"},"image":{"@id":"https:\/\/www.paysdarlon.be\/en\/programme\/#primaryimage"},"thumbnailUrl":"https:\/\/www.paysdarlon.be\/wp-content\/uploads\/2025\/03\/Marche_Jeudi_Arlon-\u00a9-Maison-du-Tourisme-du-Pays-dArlon-2-1920-1280.jpg","datePublished":"2022-04-04T13:51:20+00:00","dateModified":"2025-03-18T14:09:42+00:00","description":"Folklore and festivals in the Land of Arlon: Maitrank, carnival\u2026 Experience unforgettable events all year round!","breadcrumb":{"@id":"https:\/\/www.paysdarlon.be\/en\/programme\/#breadcrumb"},"inLanguage":"en-US","potentialAction":[{"@type":"ReadAction","target":["https:\/\/www.paysdarlon.be\/en\/programme\/"]}]},{"@type":"ImageObject","inLanguage":"en-US","@id":"https:\/\/www.paysdarlon.be\/en\/programme\/#primaryimage","url":"https:\/\/www.paysdarlon.be\/wp-content\/uploads\/2025\/03\/Marche_Jeudi_Arlon-\u00a9-Maison-du-Tourisme-du-Pays-dArlon-2-1920-1280.jpg","contentUrl":"https:\/\/www.paysdarlon.be\/wp-content\/uploads\/2025\/03\/Marche_Jeudi_Arlon-\u00a9-Maison-du-Tourisme-du-Pays-dArlon-2-1920-1280.jpg","width":1920,"height":1280,"caption":"March\u00e9 hebdomadaire d'Arlon"},{"@type":"BreadcrumbList","@id":"https:\/\/www.paysdarlon.be\/en\/programme\/#breadcrumb","itemListElement":[{"@type":"ListItem","position":1,"name":"Home","item":"https:\/\/www.paysdarlon.be\/en\/"},{"@type":"ListItem","position":2,"name":"Programme"}]},{"@type":"WebSite","@id":"https:\/\/www.paysdarlon.be\/en\/#website","url":"https:\/\/www.paysdarlon.be\/en\/","name":"wordpressdev","description":"De l&#039;Ardenne \u00e0 la Lorraine","publisher":{"@id":"https:\/\/www.paysdarlon.be\/en\/#organization"},"potentialAction":[{"@type":"SearchAction","target":{"@type":"EntryPoint","urlTemplate":"https:\/\/www.paysdarlon.be\/en\/?s={search_term_string}"},"query-input":{"@type":"PropertyValueSpecification","valueRequired":true,"valueName":"search_term_string"}}],"inLanguage":"en-US"},{"@type":"Organization","@id":"https:\/\/www.paysdarlon.be\/en\/#organization","name":"wordpressdev","url":"https:\/\/www.paysdarlon.be\/en\/","logo":{"@type":"ImageObject","inLanguage":"en-US","@id":"https:\/\/www.paysdarlon.be\/en\/#\/schema\/logo\/image\/","url":"https:\/\/www.paysdarlon.be\/wp-content\/uploads\/2020\/02\/Logo_MTPA_horizontal_sans_slogan-1.png","contentUrl":"https:\/\/www.paysdarlon.be\/wp-content\/uploads\/2020\/02\/Logo_MTPA_horizontal_sans_slogan-1.png","width":500,"height":189,"caption":"wordpressdev"},"image":{"@id":"https:\/\/www.paysdarlon.be\/en\/#\/schema\/logo\/image\/"}}]}},"_links":{"self":[{"href":"https:\/\/www.paysdarlon.be\/en\/wp-json\/wp\/v2\/pages\/5848","targetHints":{"allow":["GET"]}}],"collection":[{"href":"https:\/\/www.paysdarlon.be\/en\/wp-json\/wp\/v2\/pages"}],"about":[{"href":"https:\/\/www.paysdarlon.be\/en\/wp-json\/wp\/v2\/types\/page"}],"author":[{"embeddable":true,"href":"https:\/\/www.paysdarlon.be\/en\/wp-json\/wp\/v2\/users\/2"}],"replies":[{"embeddable":true,"href":"https:\/\/www.paysdarlon.be\/en\/wp-json\/wp\/v2\/comments?post=5848"}],"version-history":[{"count":5,"href":"https:\/\/www.paysdarlon.be\/en\/wp-json\/wp\/v2\/pages\/5848\/revisions"}],"predecessor-version":[{"id":9058,"href":"https:\/\/www.paysdarlon.be\/en\/wp-json\/wp\/v2\/pages\/5848\/revisions\/9058"}],"wp:featuredmedia":[{"embeddable":true,"href":"https:\/\/www.paysdarlon.be\/en\/wp-json\/wp\/v2\/media\/8857"}],"wp:attachment":[{"href":"https:\/\/www.paysdarlon.be\/en\/wp-json\/wp\/v2\/media?parent=5848"}],"wp:term":[{"taxonomy":"category","embeddable":true,"href":"https:\/\/www.paysdarlon.be\/en\/wp-json\/wp\/v2\/categories?post=5848"},{"taxonomy":"post_tag","embeddable":true,"href":"https:\/\/www.paysdarlon.be\/en\/wp-json\/wp\/v2\/tags?post=5848"}],"curies":[{"name":"wp","href":"https:\/\/api.w.org\/{rel}","templated":true}]}}