{"id":5787,"date":"2022-04-01T10:57:47","date_gmt":"2022-04-01T08:57:47","guid":{"rendered":"https:\/\/www.paysdarlon.be\/ontdekken\/"},"modified":"2025-10-30T15:14:09","modified_gmt":"2025-10-30T14:14:09","slug":"ontdekken","status":"publish","type":"page","link":"https:\/\/www.paysdarlon.be\/nl\/ontdekken\/","title":{"rendered":"Ontdekken"},"content":{"rendered":"\t\t<div data-elementor-type=\"wp-page\" data-elementor-id=\"5787\" class=\"elementor elementor-5787 elementor-4917\" data-elementor-post-type=\"page\">\n\t\t\t\t\t\t<section class=\"elementor-section elementor-top-section elementor-element elementor-element-1c303c5d elementor-section-full_width elementor-section-height-min-height elementor-section-items-bottom elementor-section-height-default\" data-id=\"1c303c5d\" data-element_type=\"section\" data-e-type=\"section\" data-settings=\"{&quot;background_background&quot;:&quot;classic&quot;}\">\n\t\t\t\t\t\t\t<div class=\"elementor-background-overlay\"><\/div>\n\t\t\t\t\t\t\t<div class=\"elementor-container elementor-column-gap-default\">\n\t\t\t\t\t<div class=\"elementor-column elementor-col-100 elementor-top-column elementor-element elementor-element-208d78ad\" data-id=\"208d78ad\" data-element_type=\"column\" data-e-type=\"column\">\n\t\t\t<div class=\"elementor-widget-wrap elementor-element-populated\">\n\t\t\t\t\t\t<div class=\"elementor-element elementor-element-7b5954cc elementor-widget elementor-widget-heading\" data-id=\"7b5954cc\" data-element_type=\"widget\" data-e-type=\"widget\" data-widget_type=\"heading.default\">\n\t\t\t\t<div class=\"elementor-widget-container\">\n\t\t\t\t\t<h1 class=\"elementor-heading-title elementor-size-default\">Ontdekken<\/h1>\t\t\t\t<\/div>\n\t\t\t\t<\/div>\n\t\t\t\t\t<\/div>\n\t\t<\/div>\n\t\t\t\t\t<\/div>\n\t\t<\/section>\n\t\t\t\t<section class=\"elementor-section elementor-top-section elementor-element elementor-element-7e280bf elementor-section-boxed elementor-section-height-default elementor-section-height-default\" data-id=\"7e280bf\" data-element_type=\"section\" data-e-type=\"section\">\n\t\t\t\t\t\t<div class=\"elementor-container elementor-column-gap-default\">\n\t\t\t\t\t<div class=\"elementor-column elementor-col-100 elementor-top-column elementor-element elementor-element-225788dc\" data-id=\"225788dc\" data-element_type=\"column\" data-e-type=\"column\">\n\t\t\t<div class=\"elementor-widget-wrap elementor-element-populated\">\n\t\t\t\t\t\t<div class=\"elementor-element elementor-element-2df4e1b2 elementor-widget elementor-widget-text-editor\" data-id=\"2df4e1b2\" data-element_type=\"widget\" data-e-type=\"widget\" data-widget_type=\"text-editor.default\">\n\t\t\t\t<div class=\"elementor-widget-container\">\n\t\t\t\t\t\t\t\t\tBezoek het Pays d&#8217;Arlon en zijn vier gemeenten (<a href=\"https:\/\/www.paysdarlon.be\/nl\/ontdekken\/le-pays-darlon\/attert\/\">Attert<\/a>, <a href=\"https:\/\/www.paysdarlon.be\/nl\/ontdekken\/le-pays-darlon\/aarlen\/\">Arlon<\/a>, <a href=\"https:\/\/www.paysdarlon.be\/nl\/ontdekken\/le-pays-darlon\/aubange\/\">Aubange<\/a> en <a href=\"https:\/\/www.paysdarlon.be\/nl\/ontdekken\/le-pays-darlon\/messancy\/\">Messancy<\/a>), waar erfgoed, natuur, geschiedenis en folklore samenkomen.Ontdek de niet te missen bezienswaardigheden zoals de wijk Saint-Donat en zijn uitkijkpunt, de ru\u00efnes van de abdij van Clairefontaine, het mooie dorp Nobressart of het arboretum van Frassem.<br><br>Wat is er te doen en te zien in het Pays d&#8217;Arlon?<br>Kies een van de onderstaande categorie\u00ebn om daarachter te komen. Het Maison du Tourisme heeft tal van idee\u00ebn voor uw.\t\t\t\t\t\t\t\t<\/div>\n\t\t\t\t<\/div>\n\t\t\t\t\t<\/div>\n\t\t<\/div>\n\t\t\t\t\t<\/div>\n\t\t<\/section>\n\t\t\t\t<section class=\"elementor-section elementor-top-section elementor-element elementor-element-4a598b79 elementor-section-boxed elementor-section-height-default elementor-section-height-default\" data-id=\"4a598b79\" data-element_type=\"section\" data-e-type=\"section\">\n\t\t\t\t\t\t<div class=\"elementor-container elementor-column-gap-default\">\n\t\t\t\t\t<div class=\"elementor-column elementor-col-33 elementor-top-column elementor-element elementor-element-6bb3e0e2\" data-id=\"6bb3e0e2\" data-element_type=\"column\" data-e-type=\"column\">\n\t\t\t<div class=\"elementor-widget-wrap elementor-element-populated\">\n\t\t\t\t\t\t<div class=\"elementor-element elementor-element-6175d653 elementor-cta--skin-cover elementor-cta--valign-middle elementor-widget elementor-widget-call-to-action\" data-id=\"6175d653\" data-element_type=\"widget\" data-e-type=\"widget\" data-widget_type=\"call-to-action.default\">\n\t\t\t\t<div class=\"elementor-widget-container\">\n\t\t\t\t\t\t\t<div class=\"elementor-cta\">\n\t\t\t\t\t<div class=\"elementor-cta__bg-wrapper\">\n\t\t\t\t<div class=\"elementor-cta__bg elementor-bg\" style=\"background-image: url(https:\/\/www.paysdarlon.be\/wp-content\/uploads\/2021\/11\/Page-Decouvrir_Vignette-Le-Pays-dArlon_Villages-et-Paysages-768x512.jpg);\" role=\"img\" aria-label=\"Le Pays d&#039;Arlon_Villages et Paysages\"><\/div>\n\t\t\t\t<div class=\"elementor-cta__bg-overlay\"><\/div>\n\t\t\t<\/div>\n\t\t\t\t\t\t\t<div class=\"elementor-cta__content\">\n\t\t\t\t\n\t\t\t\t\n\t\t\t\t\n\t\t\t\t\t\t\t\t\t<div class=\"elementor-cta__button-wrapper elementor-cta__content-item elementor-content-item \">\n\t\t\t\t\t<a class=\"elementor-cta__button elementor-button elementor-size-md\" href=\"https:\/\/www.paysdarlon.be\/nl\/ontdekken\/le-pays-darlon\/\">\n\t\t\t\t\t\tPays d\u2019Arlon\t\t\t\t\t<\/a>\n\t\t\t\t\t<\/div>\n\t\t\t\t\t\t\t<\/div>\n\t\t\t\t\t\t<\/div>\n\t\t\t\t\t\t<\/div>\n\t\t\t\t<\/div>\n\t\t\t\t\t<\/div>\n\t\t<\/div>\n\t\t\t\t<div class=\"elementor-column elementor-col-33 elementor-top-column elementor-element elementor-element-2631fb05\" data-id=\"2631fb05\" data-element_type=\"column\" data-e-type=\"column\">\n\t\t\t<div class=\"elementor-widget-wrap elementor-element-populated\">\n\t\t\t\t\t\t<div class=\"elementor-element elementor-element-34633bbb elementor-cta--skin-cover elementor-cta--valign-middle elementor-widget elementor-widget-call-to-action\" data-id=\"34633bbb\" data-element_type=\"widget\" data-e-type=\"widget\" data-widget_type=\"call-to-action.default\">\n\t\t\t\t<div class=\"elementor-widget-container\">\n\t\t\t\t\t\t\t<div class=\"elementor-cta\">\n\t\t\t\t\t<div class=\"elementor-cta__bg-wrapper\">\n\t\t\t\t<div class=\"elementor-cta__bg elementor-bg\" style=\"background-image: url(https:\/\/www.paysdarlon.be\/wp-content\/uploads\/2021\/11\/Page-Accueil_Encart-Les-incontournables_Maitrank-768x512.jpg);\" role=\"img\" aria-label=\"Verre de Maitrank pos\u00e9 sur une planche en bois en for\u00eat, entour\u00e9 de plants d\u2019asp\u00e9rule, avec un cerf grav\u00e9 et les rayons du soleil traversant le verre\"><\/div>\n\t\t\t\t<div class=\"elementor-cta__bg-overlay\"><\/div>\n\t\t\t<\/div>\n\t\t\t\t\t\t\t<div class=\"elementor-cta__content\">\n\t\t\t\t\n\t\t\t\t\n\t\t\t\t\n\t\t\t\t\t\t\t\t\t<div class=\"elementor-cta__button-wrapper elementor-cta__content-item elementor-content-item \">\n\t\t\t\t\t<a class=\"elementor-cta__button elementor-button elementor-size-md\" href=\"https:\/\/www.paysdarlon.be\/nl\/ontdekken\/niet-te-missen\/\">\n\t\t\t\t\t\tNiet te missen\t\t\t\t\t<\/a>\n\t\t\t\t\t<\/div>\n\t\t\t\t\t\t\t<\/div>\n\t\t\t\t\t\t<\/div>\n\t\t\t\t\t\t<\/div>\n\t\t\t\t<\/div>\n\t\t\t\t\t<\/div>\n\t\t<\/div>\n\t\t\t\t<div class=\"elementor-column elementor-col-33 elementor-top-column elementor-element elementor-element-6b5902c7\" data-id=\"6b5902c7\" data-element_type=\"column\" data-e-type=\"column\">\n\t\t\t<div class=\"elementor-widget-wrap elementor-element-populated\">\n\t\t\t\t\t\t<div class=\"elementor-element elementor-element-7a3166a5 elementor-cta--skin-cover elementor-cta--valign-middle elementor-widget elementor-widget-call-to-action\" data-id=\"7a3166a5\" data-element_type=\"widget\" data-e-type=\"widget\" data-widget_type=\"call-to-action.default\">\n\t\t\t\t<div class=\"elementor-widget-container\">\n\t\t\t\t\t\t\t<div class=\"elementor-cta\">\n\t\t\t\t\t<div class=\"elementor-cta__bg-wrapper\">\n\t\t\t\t<div class=\"elementor-cta__bg elementor-bg\" style=\"background-image: url(https:\/\/www.paysdarlon.be\/wp-content\/uploads\/2021\/11\/Page-Decouvrir_Vignette-Musees-et-attractions_Musee-Gaspar-768x512.jpg);\" role=\"img\" aria-label=\"Mus\u00e9e Gaspar\"><\/div>\n\t\t\t\t<div class=\"elementor-cta__bg-overlay\"><\/div>\n\t\t\t<\/div>\n\t\t\t\t\t\t\t<div class=\"elementor-cta__content\">\n\t\t\t\t\n\t\t\t\t\n\t\t\t\t\n\t\t\t\t\t\t\t\t\t<div class=\"elementor-cta__button-wrapper elementor-cta__content-item elementor-content-item \">\n\t\t\t\t\t<a class=\"elementor-cta__button elementor-button elementor-size-md\" href=\"\/nl\/decouvrir\/musees-attractions\">\n\t\t\t\t\t\tMusea en attracties\t\t\t\t\t<\/a>\n\t\t\t\t\t<\/div>\n\t\t\t\t\t\t\t<\/div>\n\t\t\t\t\t\t<\/div>\n\t\t\t\t\t\t<\/div>\n\t\t\t\t<\/div>\n\t\t\t\t\t<\/div>\n\t\t<\/div>\n\t\t\t\t\t<\/div>\n\t\t<\/section>\n\t\t\t\t<section class=\"elementor-section elementor-top-section elementor-element elementor-element-a8606d8 elementor-section-boxed elementor-section-height-default elementor-section-height-default\" data-id=\"a8606d8\" data-element_type=\"section\" data-e-type=\"section\">\n\t\t\t\t\t\t<div class=\"elementor-container elementor-column-gap-default\">\n\t\t\t\t\t<div class=\"elementor-column elementor-col-33 elementor-top-column elementor-element elementor-element-e3f42d1\" data-id=\"e3f42d1\" data-element_type=\"column\" data-e-type=\"column\">\n\t\t\t<div class=\"elementor-widget-wrap elementor-element-populated\">\n\t\t\t\t\t\t<div class=\"elementor-element elementor-element-767e327 elementor-cta--skin-cover elementor-cta--valign-middle elementor-widget elementor-widget-call-to-action\" data-id=\"767e327\" data-element_type=\"widget\" data-e-type=\"widget\" data-widget_type=\"call-to-action.default\">\n\t\t\t\t<div class=\"elementor-widget-container\">\n\t\t\t\t\t\t\t<div class=\"elementor-cta\">\n\t\t\t\t\t<div class=\"elementor-cta__bg-wrapper\">\n\t\t\t\t<div class=\"elementor-cta__bg elementor-bg\" style=\"background-image: url(https:\/\/www.paysdarlon.be\/wp-content\/uploads\/2021\/11\/Page-Decouvrir_Vignette-Patrimoine_Tour-Neptune-768x512.jpg);\" role=\"img\" aria-label=\"Patrimoine Tour Neptune\"><\/div>\n\t\t\t\t<div class=\"elementor-cta__bg-overlay\"><\/div>\n\t\t\t<\/div>\n\t\t\t\t\t\t\t<div class=\"elementor-cta__content\">\n\t\t\t\t\n\t\t\t\t\n\t\t\t\t\n\t\t\t\t\t\t\t\t\t<div class=\"elementor-cta__button-wrapper elementor-cta__content-item elementor-content-item \">\n\t\t\t\t\t<a class=\"elementor-cta__button elementor-button elementor-size-md\" href=\"\/nl\/decouvrir\/patrimoine\">\n\t\t\t\t\t\tErfgoed\t\t\t\t\t<\/a>\n\t\t\t\t\t<\/div>\n\t\t\t\t\t\t\t<\/div>\n\t\t\t\t\t\t<\/div>\n\t\t\t\t\t\t<\/div>\n\t\t\t\t<\/div>\n\t\t\t\t\t<\/div>\n\t\t<\/div>\n\t\t\t\t<div class=\"elementor-column elementor-col-33 elementor-top-column elementor-element elementor-element-caa59cb\" data-id=\"caa59cb\" data-element_type=\"column\" data-e-type=\"column\">\n\t\t\t<div class=\"elementor-widget-wrap elementor-element-populated\">\n\t\t\t\t\t\t<div class=\"elementor-element elementor-element-6d2cfba elementor-cta--skin-cover elementor-cta--valign-middle elementor-widget elementor-widget-call-to-action\" data-id=\"6d2cfba\" data-element_type=\"widget\" data-e-type=\"widget\" data-widget_type=\"call-to-action.default\">\n\t\t\t\t<div class=\"elementor-widget-container\">\n\t\t\t\t\t\t\t<div class=\"elementor-cta\">\n\t\t\t\t\t<div class=\"elementor-cta__bg-wrapper\">\n\t\t\t\t<div class=\"elementor-cta__bg elementor-bg\" style=\"background-image: url(https:\/\/www.paysdarlon.be\/wp-content\/uploads\/2021\/11\/Page-Decouvrir_Vignette-nature_Marais-de-Grendel-768x512.jpg);\" role=\"img\" aria-label=\"Marais de Grendel\"><\/div>\n\t\t\t\t<div class=\"elementor-cta__bg-overlay\"><\/div>\n\t\t\t<\/div>\n\t\t\t\t\t\t\t<div class=\"elementor-cta__content\">\n\t\t\t\t\n\t\t\t\t\n\t\t\t\t\n\t\t\t\t\t\t\t\t\t<div class=\"elementor-cta__button-wrapper elementor-cta__content-item elementor-content-item \">\n\t\t\t\t\t<a class=\"elementor-cta__button elementor-button elementor-size-md\" href=\"\/nl\/decouvrir\/nature\">\n\t\t\t\t\t\tNatuur\t\t\t\t\t<\/a>\n\t\t\t\t\t<\/div>\n\t\t\t\t\t\t\t<\/div>\n\t\t\t\t\t\t<\/div>\n\t\t\t\t\t\t<\/div>\n\t\t\t\t<\/div>\n\t\t\t\t\t<\/div>\n\t\t<\/div>\n\t\t\t\t<div class=\"elementor-column elementor-col-33 elementor-top-column elementor-element elementor-element-2bd9191\" data-id=\"2bd9191\" data-element_type=\"column\" data-e-type=\"column\">\n\t\t\t<div class=\"elementor-widget-wrap elementor-element-populated\">\n\t\t\t\t\t\t<div class=\"elementor-element elementor-element-283436d elementor-cta--skin-cover elementor-cta--valign-middle elementor-widget elementor-widget-call-to-action\" data-id=\"283436d\" data-element_type=\"widget\" data-e-type=\"widget\" data-widget_type=\"call-to-action.default\">\n\t\t\t\t<div class=\"elementor-widget-container\">\n\t\t\t\t\t\t\t<div class=\"elementor-cta\">\n\t\t\t\t\t<div class=\"elementor-cta__bg-wrapper\">\n\t\t\t\t<div class=\"elementor-cta__bg elementor-bg\" style=\"background-image: url(https:\/\/www.paysdarlon.be\/wp-content\/uploads\/2021\/11\/Page-Decouvrir_Vignette-Shopping_McArthurGlen-768x512.jpg);\" role=\"img\" aria-label=\"McArthurGlen\"><\/div>\n\t\t\t\t<div class=\"elementor-cta__bg-overlay\"><\/div>\n\t\t\t<\/div>\n\t\t\t\t\t\t\t<div class=\"elementor-cta__content\">\n\t\t\t\t\n\t\t\t\t\n\t\t\t\t\n\t\t\t\t\t\t\t\t\t<div class=\"elementor-cta__button-wrapper elementor-cta__content-item elementor-content-item \">\n\t\t\t\t\t<a class=\"elementor-cta__button elementor-button elementor-size-md\" href=\"\/nl\/decouvrir\/shopping\">\n\t\t\t\t\t\tShopping\t\t\t\t\t<\/a>\n\t\t\t\t\t<\/div>\n\t\t\t\t\t\t\t<\/div>\n\t\t\t\t\t\t<\/div>\n\t\t\t\t\t\t<\/div>\n\t\t\t\t<\/div>\n\t\t\t\t\t<\/div>\n\t\t<\/div>\n\t\t\t\t\t<\/div>\n\t\t<\/section>\n\t\t\t\t<\/div>\n\t\t","protected":false},"excerpt":{"rendered":"<p>Bezoek het Pays d&#8217;Arlon en zijn vier gemeenten (Attert, Arlon, Aubange en Messancy), waar erfgoed, natuur, geschiedenis en folklore samenkomen.Ontdek de niet te missen bezienswaardigheden zoals de wijk Saint-Donat en zijn uitkijkpunt, de ru\u00efnes van de abdij van Clairefontaine, het mooie dorp Nobressart of het arboretum van Frassem. Wat is er te doen en te [&hellip;]<\/p>\n","protected":false},"author":2,"featured_media":5184,"parent":0,"menu_order":0,"comment_status":"closed","ping_status":"closed","template":"","meta":{"site-sidebar-layout":"no-sidebar","site-content-layout":"page-builder","ast-site-content-layout":"full-width-container","site-content-style":"unboxed","site-sidebar-style":"unboxed","ast-global-header-display":"","ast-banner-title-visibility":"","ast-main-header-display":"","ast-hfb-above-header-display":"","ast-hfb-below-header-display":"","ast-hfb-mobile-header-display":"","site-post-title":"disabled","ast-breadcrumbs-content":"","ast-featured-img":"disabled","footer-sml-layout":"","ast-disable-related-posts":"","theme-transparent-header-meta":"default","adv-header-id-meta":"","stick-header-meta":"","header-above-stick-meta":"","header-main-stick-meta":"","header-below-stick-meta":"","astra-migrate-meta-layouts":"set","ast-page-background-enabled":"default","ast-page-background-meta":{"desktop":{"background-color":"","background-image":"","background-repeat":"repeat","background-position":"center center","background-size":"auto","background-attachment":"scroll","background-type":"","background-media":"","overlay-type":"","overlay-color":"","overlay-opacity":"","overlay-gradient":""},"tablet":{"background-color":"","background-image":"","background-repeat":"repeat","background-position":"center center","background-size":"auto","background-attachment":"scroll","background-type":"","background-media":"","overlay-type":"","overlay-color":"","overlay-opacity":"","overlay-gradient":""},"mobile":{"background-color":"","background-image":"","background-repeat":"repeat","background-position":"center center","background-size":"auto","background-attachment":"scroll","background-type":"","background-media":"","overlay-type":"","overlay-color":"","overlay-opacity":"","overlay-gradient":""}},"ast-content-background-meta":{"desktop":{"background-color":"var(--ast-global-color-5)","background-image":"","background-repeat":"repeat","background-position":"center center","background-size":"auto","background-attachment":"scroll","background-type":"","background-media":"","overlay-type":"","overlay-color":"","overlay-opacity":"","overlay-gradient":""},"tablet":{"background-color":"var(--ast-global-color-5)","background-image":"","background-repeat":"repeat","background-position":"center center","background-size":"auto","background-attachment":"scroll","background-type":"","background-media":"","overlay-type":"","overlay-color":"","overlay-opacity":"","overlay-gradient":""},"mobile":{"background-color":"var(--ast-global-color-5)","background-image":"","background-repeat":"repeat","background-position":"center center","background-size":"auto","background-attachment":"scroll","background-type":"","background-media":"","overlay-type":"","overlay-color":"","overlay-opacity":"","overlay-gradient":""}},"footnotes":""},"categories":[],"tags":[],"class_list":["post-5787","page","type-page","status-publish","has-post-thumbnail","hentry"],"yoast_head":"<!-- This site is optimized with the Yoast SEO plugin v27.4 - https:\/\/yoast.com\/product\/yoast-seo-wordpress\/ -->\n<title>Ontdekken - Maison du Tourisme du Pays d&#039;Arlon<\/title>\n<meta name=\"description\" content=\"Pays d&#039;Arlon: erfgoed, natuur en folklore wachten op u in de 4 gemeenten en de bezienswaardigheden!\" \/>\n<meta name=\"robots\" content=\"index, follow, max-snippet:-1, max-image-preview:large, max-video-preview:-1\" \/>\n<link rel=\"canonical\" href=\"https:\/\/www.paysdarlon.be\/nl\/ontdekken\/\" \/>\n<meta property=\"og:locale\" content=\"nl_NL\" \/>\n<meta property=\"og:type\" content=\"article\" \/>\n<meta property=\"og:title\" content=\"Ontdekken - Maison du Tourisme du Pays d&#039;Arlon\" \/>\n<meta property=\"og:description\" content=\"Pays d&#039;Arlon: erfgoed, natuur en folklore wachten op u in de 4 gemeenten en de bezienswaardigheden!\" \/>\n<meta property=\"og:url\" content=\"https:\/\/www.paysdarlon.be\/nl\/ontdekken\/\" \/>\n<meta property=\"og:site_name\" content=\"Maison du Tourisme du Pays d&#039;Arlon\" \/>\n<meta property=\"article:modified_time\" content=\"2025-10-30T14:14:09+00:00\" \/>\n<meta property=\"og:image\" content=\"https:\/\/www.paysdarlon.be\/wp-content\/uploads\/2021\/11\/Page-Decouvrir_Couverture_Abbaye-de-Clairefontaine.jpg\" \/>\n\t<meta property=\"og:image:width\" content=\"1920\" \/>\n\t<meta property=\"og:image:height\" content=\"1280\" \/>\n\t<meta property=\"og:image:type\" content=\"image\/jpeg\" \/>\n<meta name=\"twitter:card\" content=\"summary_large_image\" \/>\n<script type=\"application\/ld+json\" class=\"yoast-schema-graph\">{\"@context\":\"https:\\\/\\\/schema.org\",\"@graph\":[{\"@type\":\"WebPage\",\"@id\":\"https:\\\/\\\/www.paysdarlon.be\\\/nl\\\/ontdekken\\\/\",\"url\":\"https:\\\/\\\/www.paysdarlon.be\\\/nl\\\/ontdekken\\\/\",\"name\":\"Ontdekken - Maison du Tourisme du Pays d&#039;Arlon\",\"isPartOf\":{\"@id\":\"https:\\\/\\\/www.paysdarlon.be\\\/nl\\\/#website\"},\"primaryImageOfPage\":{\"@id\":\"https:\\\/\\\/www.paysdarlon.be\\\/nl\\\/ontdekken\\\/#primaryimage\"},\"image\":{\"@id\":\"https:\\\/\\\/www.paysdarlon.be\\\/nl\\\/ontdekken\\\/#primaryimage\"},\"thumbnailUrl\":\"https:\\\/\\\/www.paysdarlon.be\\\/wp-content\\\/uploads\\\/2021\\\/11\\\/Page-Decouvrir_Couverture_Abbaye-de-Clairefontaine.jpg\",\"datePublished\":\"2022-04-01T08:57:47+00:00\",\"dateModified\":\"2025-10-30T14:14:09+00:00\",\"description\":\"Pays d'Arlon: erfgoed, natuur en folklore wachten op u in de 4 gemeenten en de bezienswaardigheden!\",\"breadcrumb\":{\"@id\":\"https:\\\/\\\/www.paysdarlon.be\\\/nl\\\/ontdekken\\\/#breadcrumb\"},\"inLanguage\":\"nl-NL\",\"potentialAction\":[{\"@type\":\"ReadAction\",\"target\":[\"https:\\\/\\\/www.paysdarlon.be\\\/nl\\\/ontdekken\\\/\"]}]},{\"@type\":\"ImageObject\",\"inLanguage\":\"nl-NL\",\"@id\":\"https:\\\/\\\/www.paysdarlon.be\\\/nl\\\/ontdekken\\\/#primaryimage\",\"url\":\"https:\\\/\\\/www.paysdarlon.be\\\/wp-content\\\/uploads\\\/2021\\\/11\\\/Page-Decouvrir_Couverture_Abbaye-de-Clairefontaine.jpg\",\"contentUrl\":\"https:\\\/\\\/www.paysdarlon.be\\\/wp-content\\\/uploads\\\/2021\\\/11\\\/Page-Decouvrir_Couverture_Abbaye-de-Clairefontaine.jpg\",\"width\":1920,\"height\":1280,\"caption\":\"M\u00e9lanie Meinbach\"},{\"@type\":\"BreadcrumbList\",\"@id\":\"https:\\\/\\\/www.paysdarlon.be\\\/nl\\\/ontdekken\\\/#breadcrumb\",\"itemListElement\":[{\"@type\":\"ListItem\",\"position\":1,\"name\":\"Home\",\"item\":\"https:\\\/\\\/www.paysdarlon.be\\\/nl\\\/\"},{\"@type\":\"ListItem\",\"position\":2,\"name\":\"Ontdekken\"}]},{\"@type\":\"WebSite\",\"@id\":\"https:\\\/\\\/www.paysdarlon.be\\\/nl\\\/#website\",\"url\":\"https:\\\/\\\/www.paysdarlon.be\\\/nl\\\/\",\"name\":\"wordpressdev\",\"description\":\"De l&#039;Ardenne \u00e0 la Lorraine\",\"publisher\":{\"@id\":\"https:\\\/\\\/www.paysdarlon.be\\\/nl\\\/#organization\"},\"potentialAction\":[{\"@type\":\"SearchAction\",\"target\":{\"@type\":\"EntryPoint\",\"urlTemplate\":\"https:\\\/\\\/www.paysdarlon.be\\\/nl\\\/?s={search_term_string}\"},\"query-input\":{\"@type\":\"PropertyValueSpecification\",\"valueRequired\":true,\"valueName\":\"search_term_string\"}}],\"inLanguage\":\"nl-NL\"},{\"@type\":\"Organization\",\"@id\":\"https:\\\/\\\/www.paysdarlon.be\\\/nl\\\/#organization\",\"name\":\"wordpressdev\",\"url\":\"https:\\\/\\\/www.paysdarlon.be\\\/nl\\\/\",\"logo\":{\"@type\":\"ImageObject\",\"inLanguage\":\"nl-NL\",\"@id\":\"https:\\\/\\\/www.paysdarlon.be\\\/nl\\\/#\\\/schema\\\/logo\\\/image\\\/\",\"url\":\"https:\\\/\\\/www.paysdarlon.be\\\/wp-content\\\/uploads\\\/2020\\\/02\\\/Logo_MTPA_horizontal_sans_slogan-1.png\",\"contentUrl\":\"https:\\\/\\\/www.paysdarlon.be\\\/wp-content\\\/uploads\\\/2020\\\/02\\\/Logo_MTPA_horizontal_sans_slogan-1.png\",\"width\":500,\"height\":189,\"caption\":\"wordpressdev\"},\"image\":{\"@id\":\"https:\\\/\\\/www.paysdarlon.be\\\/nl\\\/#\\\/schema\\\/logo\\\/image\\\/\"}}]}<\/script>\n<!-- \/ Yoast SEO plugin. -->","yoast_head_json":{"title":"Ontdekken - Maison du Tourisme du Pays d&#039;Arlon","description":"Pays d'Arlon: erfgoed, natuur en folklore wachten op u in de 4 gemeenten en de bezienswaardigheden!","robots":{"index":"index","follow":"follow","max-snippet":"max-snippet:-1","max-image-preview":"max-image-preview:large","max-video-preview":"max-video-preview:-1"},"canonical":"https:\/\/www.paysdarlon.be\/nl\/ontdekken\/","og_locale":"nl_NL","og_type":"article","og_title":"Ontdekken - Maison du Tourisme du Pays d&#039;Arlon","og_description":"Pays d'Arlon: erfgoed, natuur en folklore wachten op u in de 4 gemeenten en de bezienswaardigheden!","og_url":"https:\/\/www.paysdarlon.be\/nl\/ontdekken\/","og_site_name":"Maison du Tourisme du Pays d&#039;Arlon","article_modified_time":"2025-10-30T14:14:09+00:00","og_image":[{"width":1920,"height":1280,"url":"https:\/\/www.paysdarlon.be\/wp-content\/uploads\/2021\/11\/Page-Decouvrir_Couverture_Abbaye-de-Clairefontaine.jpg","type":"image\/jpeg"}],"twitter_card":"summary_large_image","schema":{"@context":"https:\/\/schema.org","@graph":[{"@type":"WebPage","@id":"https:\/\/www.paysdarlon.be\/nl\/ontdekken\/","url":"https:\/\/www.paysdarlon.be\/nl\/ontdekken\/","name":"Ontdekken - Maison du Tourisme du Pays d&#039;Arlon","isPartOf":{"@id":"https:\/\/www.paysdarlon.be\/nl\/#website"},"primaryImageOfPage":{"@id":"https:\/\/www.paysdarlon.be\/nl\/ontdekken\/#primaryimage"},"image":{"@id":"https:\/\/www.paysdarlon.be\/nl\/ontdekken\/#primaryimage"},"thumbnailUrl":"https:\/\/www.paysdarlon.be\/wp-content\/uploads\/2021\/11\/Page-Decouvrir_Couverture_Abbaye-de-Clairefontaine.jpg","datePublished":"2022-04-01T08:57:47+00:00","dateModified":"2025-10-30T14:14:09+00:00","description":"Pays d'Arlon: erfgoed, natuur en folklore wachten op u in de 4 gemeenten en de bezienswaardigheden!","breadcrumb":{"@id":"https:\/\/www.paysdarlon.be\/nl\/ontdekken\/#breadcrumb"},"inLanguage":"nl-NL","potentialAction":[{"@type":"ReadAction","target":["https:\/\/www.paysdarlon.be\/nl\/ontdekken\/"]}]},{"@type":"ImageObject","inLanguage":"nl-NL","@id":"https:\/\/www.paysdarlon.be\/nl\/ontdekken\/#primaryimage","url":"https:\/\/www.paysdarlon.be\/wp-content\/uploads\/2021\/11\/Page-Decouvrir_Couverture_Abbaye-de-Clairefontaine.jpg","contentUrl":"https:\/\/www.paysdarlon.be\/wp-content\/uploads\/2021\/11\/Page-Decouvrir_Couverture_Abbaye-de-Clairefontaine.jpg","width":1920,"height":1280,"caption":"M\u00e9lanie Meinbach"},{"@type":"BreadcrumbList","@id":"https:\/\/www.paysdarlon.be\/nl\/ontdekken\/#breadcrumb","itemListElement":[{"@type":"ListItem","position":1,"name":"Home","item":"https:\/\/www.paysdarlon.be\/nl\/"},{"@type":"ListItem","position":2,"name":"Ontdekken"}]},{"@type":"WebSite","@id":"https:\/\/www.paysdarlon.be\/nl\/#website","url":"https:\/\/www.paysdarlon.be\/nl\/","name":"wordpressdev","description":"De l&#039;Ardenne \u00e0 la Lorraine","publisher":{"@id":"https:\/\/www.paysdarlon.be\/nl\/#organization"},"potentialAction":[{"@type":"SearchAction","target":{"@type":"EntryPoint","urlTemplate":"https:\/\/www.paysdarlon.be\/nl\/?s={search_term_string}"},"query-input":{"@type":"PropertyValueSpecification","valueRequired":true,"valueName":"search_term_string"}}],"inLanguage":"nl-NL"},{"@type":"Organization","@id":"https:\/\/www.paysdarlon.be\/nl\/#organization","name":"wordpressdev","url":"https:\/\/www.paysdarlon.be\/nl\/","logo":{"@type":"ImageObject","inLanguage":"nl-NL","@id":"https:\/\/www.paysdarlon.be\/nl\/#\/schema\/logo\/image\/","url":"https:\/\/www.paysdarlon.be\/wp-content\/uploads\/2020\/02\/Logo_MTPA_horizontal_sans_slogan-1.png","contentUrl":"https:\/\/www.paysdarlon.be\/wp-content\/uploads\/2020\/02\/Logo_MTPA_horizontal_sans_slogan-1.png","width":500,"height":189,"caption":"wordpressdev"},"image":{"@id":"https:\/\/www.paysdarlon.be\/nl\/#\/schema\/logo\/image\/"}}]}},"_links":{"self":[{"href":"https:\/\/www.paysdarlon.be\/nl\/wp-json\/wp\/v2\/pages\/5787","targetHints":{"allow":["GET"]}}],"collection":[{"href":"https:\/\/www.paysdarlon.be\/nl\/wp-json\/wp\/v2\/pages"}],"about":[{"href":"https:\/\/www.paysdarlon.be\/nl\/wp-json\/wp\/v2\/types\/page"}],"author":[{"embeddable":true,"href":"https:\/\/www.paysdarlon.be\/nl\/wp-json\/wp\/v2\/users\/2"}],"replies":[{"embeddable":true,"href":"https:\/\/www.paysdarlon.be\/nl\/wp-json\/wp\/v2\/comments?post=5787"}],"version-history":[{"count":5,"href":"https:\/\/www.paysdarlon.be\/nl\/wp-json\/wp\/v2\/pages\/5787\/revisions"}],"predecessor-version":[{"id":10196,"href":"https:\/\/www.paysdarlon.be\/nl\/wp-json\/wp\/v2\/pages\/5787\/revisions\/10196"}],"wp:featuredmedia":[{"embeddable":true,"href":"https:\/\/www.paysdarlon.be\/nl\/wp-json\/wp\/v2\/media\/5184"}],"wp:attachment":[{"href":"https:\/\/www.paysdarlon.be\/nl\/wp-json\/wp\/v2\/media?parent=5787"}],"wp:term":[{"taxonomy":"category","embeddable":true,"href":"https:\/\/www.paysdarlon.be\/nl\/wp-json\/wp\/v2\/categories?post=5787"},{"taxonomy":"post_tag","embeddable":true,"href":"https:\/\/www.paysdarlon.be\/nl\/wp-json\/wp\/v2\/tags?post=5787"}],"curies":[{"name":"wp","href":"https:\/\/api.w.org\/{rel}","templated":true}]}}